{"id":8523,"date":"2021-10-20T13:44:00","date_gmt":"2021-10-20T11:44:00","guid":{"rendered":"http:\/\/be-ge.se\/?page_id=8523"},"modified":"2026-05-06T13:51:20","modified_gmt":"2026-05-06T11:51:20","slug":"arsredovisning","status":"publish","type":"page","link":"https:\/\/be-ge.se\/en\/arsredovisning\/","title":{"rendered":"Annual Report"},"content":{"rendered":"<div data-elementor-type=\"wp-page\" data-elementor-id=\"8523\" class=\"elementor elementor-8523\" data-elementor-post-type=\"page\">\n\t\t\t\t\t\t<section class=\"elementor-section elementor-top-section elementor-element elementor-element-9c2f8ee elementor-section-boxed elementor-section-height-default elementor-section-height-default\" data-id=\"9c2f8ee\" data-element_type=\"section\" data-e-type=\"section\">\n\t\t\t\t\t\t<div class=\"elementor-container elementor-column-gap-default\">\n\t\t\t\t\t<div class=\"elementor-column elementor-col-50 elementor-top-column elementor-element elementor-element-2c47d672\" data-id=\"2c47d672\" data-element_type=\"column\" data-e-type=\"column\">\n\t\t\t<div class=\"elementor-widget-wrap elementor-element-populated\">\n\t\t\t\t\t\t<div class=\"elementor-element elementor-element-718e98a2 elementor-widget elementor-widget-heading\" data-id=\"718e98a2\" data-element_type=\"widget\" data-e-type=\"widget\" data-widget_type=\"heading.default\">\n\t\t\t\t<div class=\"elementor-widget-container\">\n\t\t\t\t\t<h2 class=\"elementor-heading-title elementor-size-medium\">Annual Report 2025<\/h2>\t\t\t\t<\/div>\n\t\t\t\t<\/div>\n\t\t\t\t\t<\/div>\n\t\t<\/div>\n\t\t\t\t<div class=\"elementor-column elementor-col-50 elementor-top-column elementor-element elementor-element-485d4cbd\" data-id=\"485d4cbd\" data-element_type=\"column\" data-e-type=\"column\">\n\t\t\t<div class=\"elementor-widget-wrap elementor-element-populated\">\n\t\t\t\t\t\t<div class=\"elementor-element elementor-element-166d2964 elementor-widget elementor-widget-text-editor\" data-id=\"166d2964\" data-element_type=\"widget\" data-e-type=\"widget\" data-widget_type=\"text-editor.default\">\n\t\t\t\t<div class=\"elementor-widget-container\">\n\t\t\t\t\t\t\t\t\t<p>This report, which relates to the financial year 2025, is not an annual report for the Group, but a description of each Group company's operations and results.<\/p>\t\t\t\t\t\t\t\t<\/div>\n\t\t\t\t<\/div>\n\t\t\t\t\t<\/div>\n\t\t<\/div>\n\t\t\t\t\t<\/div>\n\t\t<\/section>\n\t\t\t\t<section class=\"elementor-section elementor-top-section elementor-element elementor-element-7ca17fb elementor-section-full_width elementor-section-height-min-height elementor-section-content-middle elementor-section-height-default elementor-section-items-middle\" data-id=\"7ca17fb\" data-element_type=\"section\" data-e-type=\"section\" data-settings=\"{&quot;background_background&quot;:&quot;classic&quot;}\">\n\t\t\t\t\t\t\t<div class=\"elementor-background-overlay\"><\/div>\n\t\t\t\t\t\t\t<div class=\"elementor-container elementor-column-gap-default\">\n\t\t\t\t\t<div class=\"elementor-column elementor-col-100 elementor-top-column elementor-element elementor-element-4656346b\" data-id=\"4656346b\" data-element_type=\"column\" data-e-type=\"column\">\n\t\t\t<div class=\"elementor-widget-wrap elementor-element-populated\">\n\t\t\t\t\t\t<div class=\"elementor-element elementor-element-f947e9b elementor-widget elementor-widget-heading\" data-id=\"f947e9b\" data-element_type=\"widget\" data-e-type=\"widget\" data-widget_type=\"heading.default\">\n\t\t\t\t<div class=\"elementor-widget-container\">\n\t\t\t\t\t<h2 class=\"elementor-heading-title elementor-size-default\">Be-Ge Annual Report 2025<\/h2>\t\t\t\t<\/div>\n\t\t\t\t<\/div>\n\t\t\t\t\t<\/div>\n\t\t<\/div>\n\t\t\t\t\t<\/div>\n\t\t<\/section>\n\t\t\t\t<section class=\"elementor-section elementor-top-section elementor-element elementor-element-0e4608b elementor-section-boxed elementor-section-height-default elementor-section-height-default\" data-id=\"0e4608b\" data-element_type=\"section\" data-e-type=\"section\">\n\t\t\t\t\t\t<div class=\"elementor-container elementor-column-gap-default\">\n\t\t\t\t\t<div class=\"elementor-column elementor-col-100 elementor-top-column elementor-element elementor-element-4608342\" data-id=\"4608342\" data-element_type=\"column\" data-e-type=\"column\">\n\t\t\t<div class=\"elementor-widget-wrap\">\n\t\t\t\t\t\t\t<\/div>\n\t\t<\/div>\n\t\t\t\t\t<\/div>\n\t\t<\/section>\n\t\t\t\t<section class=\"elementor-section elementor-top-section elementor-element elementor-element-66145bb elementor-section-boxed elementor-section-height-default elementor-section-height-default\" data-id=\"66145bb\" data-element_type=\"section\" data-e-type=\"section\">\n\t\t\t\t\t\t<div class=\"elementor-container elementor-column-gap-default\">\n\t\t\t\t\t<div class=\"elementor-column elementor-col-50 elementor-top-column elementor-element elementor-element-ec32100\" data-id=\"ec32100\" data-element_type=\"column\" data-e-type=\"column\">\n\t\t\t<div class=\"elementor-widget-wrap elementor-element-populated\">\n\t\t\t\t\t\t<div class=\"elementor-element elementor-element-93ace3a elementor-widget elementor-widget-image\" data-id=\"93ace3a\" data-element_type=\"widget\" data-e-type=\"widget\" data-widget_type=\"image.default\">\n\t\t\t\t<div class=\"elementor-widget-container\">\n\t\t\t\t\t\t\t\t\t\t\t\t\t\t\t<img fetchpriority=\"high\" decoding=\"async\" width=\"2560\" height=\"1707\" src=\"https:\/\/be-ge.se\/wp-content\/uploads\/2026\/05\/Arsberattelse_EN_mockup-scaled.jpg\" class=\"attachment-full size-full wp-image-21045\" alt=\"\" srcset=\"https:\/\/be-ge.se\/wp-content\/uploads\/2026\/05\/Arsberattelse_EN_mockup-scaled.jpg 2560w, https:\/\/be-ge.se\/wp-content\/uploads\/2026\/05\/Arsberattelse_EN_mockup-300x200.jpg 300w, https:\/\/be-ge.se\/wp-content\/uploads\/2026\/05\/Arsberattelse_EN_mockup-1024x683.jpg 1024w, https:\/\/be-ge.se\/wp-content\/uploads\/2026\/05\/Arsberattelse_EN_mockup-768x512.jpg 768w, https:\/\/be-ge.se\/wp-content\/uploads\/2026\/05\/Arsberattelse_EN_mockup-1536x1024.jpg 1536w, https:\/\/be-ge.se\/wp-content\/uploads\/2026\/05\/Arsberattelse_EN_mockup-2048x1365.jpg 2048w, https:\/\/be-ge.se\/wp-content\/uploads\/2026\/05\/Arsberattelse_EN_mockup-18x12.jpg 18w\" sizes=\"(max-width: 2560px) 100vw, 2560px\" \/>\t\t\t\t\t\t\t\t\t\t\t\t\t\t\t<\/div>\n\t\t\t\t<\/div>\n\t\t\t\t<div class=\"elementor-element elementor-element-f50551c elementor-widget elementor-widget-text-editor\" data-id=\"f50551c\" data-element_type=\"widget\" data-e-type=\"widget\" data-widget_type=\"text-editor.default\">\n\t\t\t\t<div class=\"elementor-widget-container\">\n\t\t\t\t\t\t\t\t\t<p style=\"text-align: center;\"><span style=\"text-decoration: underline;\"><a href=\"https:\/\/issuu.com\/be-ge\/docs\/be-ge_annual_report_2025?fr=sZjk4ZTg1NjM4ODA\" target=\"_blank\" rel=\"noopener\">Read our Annual Report here<\/a><\/span> <i class=\"fas fa-external-link-alt\"><\/i><\/p>\t\t\t\t\t\t\t\t<\/div>\n\t\t\t\t<\/div>\n\t\t\t\t\t<\/div>\n\t\t<\/div>\n\t\t\t\t<div class=\"elementor-column elementor-col-50 elementor-top-column elementor-element elementor-element-8f0fb1c\" data-id=\"8f0fb1c\" data-element_type=\"column\" data-e-type=\"column\">\n\t\t\t<div class=\"elementor-widget-wrap elementor-element-populated\">\n\t\t\t\t\t\t<div class=\"elementor-element elementor-element-3dcecfb elementor-widget elementor-widget-heading\" data-id=\"3dcecfb\" data-element_type=\"widget\" data-e-type=\"widget\" data-widget_type=\"heading.default\">\n\t\t\t\t<div class=\"elementor-widget-container\">\n\t\t\t\t\t<h2 class=\"elementor-heading-title elementor-size-large\">Annual Report with Sustainability Report 2025<\/h2>\t\t\t\t<\/div>\n\t\t\t\t<\/div>\n\t\t\t\t<div class=\"elementor-element elementor-element-1adcddf elementor-widget elementor-widget-text-editor\" data-id=\"1adcddf\" data-element_type=\"widget\" data-e-type=\"widget\" data-widget_type=\"text-editor.default\">\n\t\t\t\t<div class=\"elementor-widget-container\">\n\t\t\t\t\t\t\t\t\t<p>In our 2025 Annual Report, we have included our sustainability report, which is prepared in accordance with the VSME standard (Voluntary Sustainability Reporting Standard for SMEs). The report describes our work within sustainability, environmental responsibility, social responsibility, and business ethics, as well as how we are working towards long-term sustainable development.<\/p><p>Here you can download <span style=\"text-decoration-line: underline; color: #000000;\"><a style=\"color: #000000;\" href=\"https:\/\/media.be-ge.se\/?r=15679\" target=\"_blank\" rel=\"noopener\">Be-Ge Group's Annual Report for 2025<\/a><\/span><\/p><p>The file is in PDF format, you need Adobe Acrobat Reader to read it.\u00a0<span style=\"text-decoration-line: underline; color: #000000;\"><a style=\"color: #000000;\" href=\"https:\/\/get.adobe.com\/se\/reader\/\" target=\"_blank\" rel=\"noopener\">Download the program here.<\/a><\/span><\/p>\t\t\t\t\t\t\t\t<\/div>\n\t\t\t\t<\/div>\n\t\t\t\t\t<\/div>\n\t\t<\/div>\n\t\t\t\t\t<\/div>\n\t\t<\/section>\n\t\t\t\t<\/div>","protected":false},"excerpt":{"rendered":"<p>\u00c5rsber\u00e4ttelse 2025 Denna rapport som avser r\u00e4kenskaps\u00e5ret 2025 \u00e4r inte en \u00e5rsredovisning f\u00f6r koncernen, utan en beskrivning av respektive koncernbolags verksamhet och resultat. Be-Ge \u00c5rsredovisning 2025 L\u00e4s v\u00e5r \u00c5rsber\u00e4ttelse h\u00e4r \u00c5rsber\u00e4ttelse med h\u00e5llbarhetsrapport 2025 I v\u00e5r \u00c5rsber\u00e4ttelse f\u00f6r 2025 har vi inkluderat v\u00e5r h\u00e5llbarhetsrapport som \u00e4r utformad enligt VSME-standarden (Voluntary Sustainability Reporting Standard for SMEs). [&hellip;]<\/p>\n","protected":false},"author":7,"featured_media":0,"parent":0,"menu_order":0,"comment_status":"closed","ping_status":"closed","template":"","meta":{"_acf_changed":false,"footnotes":""},"class_list":["post-8523","page","type-page","status-publish","hentry"],"acf":[],"_links":{"self":[{"href":"https:\/\/be-ge.se\/en\/wp-json\/wp\/v2\/pages\/8523","targetHints":{"allow":["GET"]}}],"collection":[{"href":"https:\/\/be-ge.se\/en\/wp-json\/wp\/v2\/pages"}],"about":[{"href":"https:\/\/be-ge.se\/en\/wp-json\/wp\/v2\/types\/page"}],"author":[{"embeddable":true,"href":"https:\/\/be-ge.se\/en\/wp-json\/wp\/v2\/users\/7"}],"replies":[{"embeddable":true,"href":"https:\/\/be-ge.se\/en\/wp-json\/wp\/v2\/comments?post=8523"}],"version-history":[{"count":3,"href":"https:\/\/be-ge.se\/en\/wp-json\/wp\/v2\/pages\/8523\/revisions"}],"predecessor-version":[{"id":21048,"href":"https:\/\/be-ge.se\/en\/wp-json\/wp\/v2\/pages\/8523\/revisions\/21048"}],"wp:attachment":[{"href":"https:\/\/be-ge.se\/en\/wp-json\/wp\/v2\/media?parent=8523"}],"curies":[{"name":"wp","href":"https:\/\/api.w.org\/{rel}","templated":true}]}}