{"id":8172,"date":"2021-10-15T14:51:14","date_gmt":"2021-10-15T12:51:14","guid":{"rendered":"http:\/\/be-ge.se\/?page_id=8172"},"modified":"2026-01-23T15:41:07","modified_gmt":"2026-01-23T14:41:07","slug":"be-ge-vehicle-division","status":"publish","type":"page","link":"https:\/\/be-ge.se\/en\/be-ge-vehicle-division\/","title":{"rendered":"Be-Ge Vehicle Division"},"content":{"rendered":"<div data-elementor-type=\"wp-page\" data-elementor-id=\"8172\" class=\"elementor elementor-8172\" data-elementor-post-type=\"page\">\n\t\t\t\t\t\t<section class=\"elementor-section elementor-top-section elementor-element elementor-element-75431961 elementor-section-content-middle elementor-section-boxed elementor-section-height-default elementor-section-height-default\" data-id=\"75431961\" data-element_type=\"section\" data-e-type=\"section\">\n\t\t\t\t\t\t<div class=\"elementor-container elementor-column-gap-default\">\n\t\t\t\t\t<div class=\"elementor-column elementor-col-50 elementor-top-column elementor-element elementor-element-4085080b\" data-id=\"4085080b\" data-element_type=\"column\" data-e-type=\"column\">\n\t\t\t<div class=\"elementor-widget-wrap elementor-element-populated\">\n\t\t\t\t\t\t<div class=\"elementor-element elementor-element-165d0621 elementor-widget elementor-widget-heading\" data-id=\"165d0621\" data-element_type=\"widget\" data-e-type=\"widget\" data-widget_type=\"heading.default\">\n\t\t\t\t<div class=\"elementor-widget-container\">\n\t\t\t\t\t<h1 class=\"elementor-heading-title elementor-size-large\">Be-Ge Vehicle Division<\/h1>\t\t\t\t<\/div>\n\t\t\t\t<\/div>\n\t\t\t\t\t<\/div>\n\t\t<\/div>\n\t\t\t\t<div class=\"elementor-column elementor-col-50 elementor-top-column elementor-element elementor-element-5ae00940\" data-id=\"5ae00940\" data-element_type=\"column\" data-e-type=\"column\">\n\t\t\t<div class=\"elementor-widget-wrap elementor-element-populated\">\n\t\t\t\t\t\t<div class=\"elementor-element elementor-element-7842659c elementor-widget elementor-widget-text-editor\" data-id=\"7842659c\" data-element_type=\"widget\" data-e-type=\"widget\" data-widget_type=\"text-editor.default\">\n\t\t\t\t<div class=\"elementor-widget-container\">\n\t\t\t\t\t\t\t\t\t<p>Be-Ge Personbilar AB holds the agencies for cars and commercial vehicles with facilities in Oskarshamn and Vetlanda. Within the same area is Be-Ge Lastbilar AB it is responsible for sales and services of Scania trucks and buses. Be-Ge Lastbilar AB is responsible for sales and service\/repair of Scania trucks within Oskarshamn, Vetlanda, Hultsfred och Visby.&nbsp;<\/p>\t\t\t\t\t\t\t\t<\/div>\n\t\t\t\t<\/div>\n\t\t\t\t\t<\/div>\n\t\t<\/div>\n\t\t\t\t\t<\/div>\n\t\t<\/section>\n\t\t\t\t<section class=\"elementor-section elementor-top-section elementor-element elementor-element-1e03eb99 elementor-section-boxed elementor-section-height-default elementor-section-height-default\" data-id=\"1e03eb99\" data-element_type=\"section\" data-e-type=\"section\" data-settings=\"{&quot;background_background&quot;:&quot;classic&quot;}\">\n\t\t\t\t\t\t<div class=\"elementor-container elementor-column-gap-default\">\n\t\t\t\t\t<div class=\"elementor-column elementor-col-50 elementor-top-column elementor-element elementor-element-83609f\" data-id=\"83609f\" data-element_type=\"column\" data-e-type=\"column\">\n\t\t\t<div class=\"elementor-widget-wrap elementor-element-populated\">\n\t\t\t\t\t\t<div class=\"elementor-element elementor-element-7df6944 elementor-widget elementor-widget-image\" data-id=\"7df6944\" data-element_type=\"widget\" data-e-type=\"widget\" data-widget_type=\"image.default\">\n\t\t\t\t<div class=\"elementor-widget-container\">\n\t\t\t\t\t\t\t\t\t\t\t\t\t\t\t<img fetchpriority=\"high\" decoding=\"async\" width=\"1500\" height=\"1080\" src=\"https:\/\/be-ge.se\/wp-content\/uploads\/2026\/01\/skoda-kamiq-scoutline-maj-2023-16x9-1-kopiera.webp\" class=\"attachment-full size-full wp-image-20608\" alt=\"\" srcset=\"https:\/\/be-ge.se\/wp-content\/uploads\/2026\/01\/skoda-kamiq-scoutline-maj-2023-16x9-1-kopiera.webp 1500w, https:\/\/be-ge.se\/wp-content\/uploads\/2026\/01\/skoda-kamiq-scoutline-maj-2023-16x9-1-kopiera-300x216.webp 300w, https:\/\/be-ge.se\/wp-content\/uploads\/2026\/01\/skoda-kamiq-scoutline-maj-2023-16x9-1-kopiera-1024x737.webp 1024w, https:\/\/be-ge.se\/wp-content\/uploads\/2026\/01\/skoda-kamiq-scoutline-maj-2023-16x9-1-kopiera-768x553.webp 768w, https:\/\/be-ge.se\/wp-content\/uploads\/2026\/01\/skoda-kamiq-scoutline-maj-2023-16x9-1-kopiera-18x12.webp 18w\" sizes=\"(max-width: 1500px) 100vw, 1500px\" \/>\t\t\t\t\t\t\t\t\t\t\t\t\t\t\t<\/div>\n\t\t\t\t<\/div>\n\t\t\t\t<div class=\"elementor-element elementor-element-3503a4f4 elementor-widget elementor-widget-heading\" data-id=\"3503a4f4\" data-element_type=\"widget\" data-e-type=\"widget\" data-widget_type=\"heading.default\">\n\t\t\t\t<div class=\"elementor-widget-container\">\n\t\t\t\t\t<h2 class=\"elementor-heading-title elementor-size-large\">Cars<\/h2>\t\t\t\t<\/div>\n\t\t\t\t<\/div>\n\t\t\t\t<div class=\"elementor-element elementor-element-586e707d elementor-widget elementor-widget-text-editor\" data-id=\"586e707d\" data-element_type=\"widget\" data-e-type=\"widget\" data-widget_type=\"text-editor.default\">\n\t\t\t\t<div class=\"elementor-widget-container\">\n\t\t\t\t\t\t\t\t\tBe-Ge Personbilar AB is an authorised dealer of\nVolkswagen and Skoda. <br>The company is responsible for sales and service in Oskarshamn and Vetlanda. We also have a large selection of used cars. <br> The company is characterized by professional <br>and competent staff. <br> <br>\t\t\t\t\t\t\t\t<\/div>\n\t\t\t\t<\/div>\n\t\t\t\t<div class=\"elementor-element elementor-element-bc8c322 elementor-widget elementor-widget-spacer\" data-id=\"bc8c322\" data-element_type=\"widget\" data-e-type=\"widget\" data-widget_type=\"spacer.default\">\n\t\t\t\t<div class=\"elementor-widget-container\">\n\t\t\t\t\t\t\t<div class=\"elementor-spacer\">\n\t\t\t<div class=\"elementor-spacer-inner\"><\/div>\n\t\t<\/div>\n\t\t\t\t\t\t<\/div>\n\t\t\t\t<\/div>\n\t\t\t\t<div class=\"elementor-element elementor-element-734e44d elementor-widget elementor-widget-button\" data-id=\"734e44d\" data-element_type=\"widget\" data-e-type=\"widget\" data-widget_type=\"button.default\">\n\t\t\t\t<div class=\"elementor-widget-container\">\n\t\t\t\t\t\t\t\t\t<div class=\"elementor-button-wrapper\">\n\t\t\t\t\t<a class=\"elementor-button elementor-button-link elementor-size-sm\" href=\"https:\/\/pb.be-ge.se\/english\">\n\t\t\t\t\t\t<span class=\"elementor-button-content-wrapper\">\n\t\t\t\t\t\t\t\t\t<span class=\"elementor-button-text\">Read more<\/span>\n\t\t\t\t\t<\/span>\n\t\t\t\t\t<\/a>\n\t\t\t\t<\/div>\n\t\t\t\t\t\t\t\t<\/div>\n\t\t\t\t<\/div>\n\t\t\t\t\t<\/div>\n\t\t<\/div>\n\t\t\t\t<div class=\"elementor-column elementor-col-50 elementor-top-column elementor-element elementor-element-13879fc6\" data-id=\"13879fc6\" data-element_type=\"column\" data-e-type=\"column\">\n\t\t\t<div class=\"elementor-widget-wrap elementor-element-populated\">\n\t\t\t\t\t\t<div class=\"elementor-element elementor-element-501c3a71 elementor-widget elementor-widget-image\" data-id=\"501c3a71\" data-element_type=\"widget\" data-e-type=\"widget\" data-widget_type=\"image.default\">\n\t\t\t\t<div class=\"elementor-widget-container\">\n\t\t\t\t\t\t\t\t\t\t\t\t\t\t\t<img decoding=\"async\" width=\"1500\" height=\"1080\" src=\"https:\/\/be-ge.se\/wp-content\/uploads\/2024\/04\/scania-lastbilar.webp\" class=\"attachment-full size-full wp-image-15556\" alt=\"\" srcset=\"https:\/\/be-ge.se\/wp-content\/uploads\/2024\/04\/scania-lastbilar.webp 1500w, https:\/\/be-ge.se\/wp-content\/uploads\/2024\/04\/scania-lastbilar-300x216.webp 300w, https:\/\/be-ge.se\/wp-content\/uploads\/2024\/04\/scania-lastbilar-1024x737.webp 1024w, https:\/\/be-ge.se\/wp-content\/uploads\/2024\/04\/scania-lastbilar-768x553.webp 768w, https:\/\/be-ge.se\/wp-content\/uploads\/2024\/04\/scania-lastbilar-18x12.webp 18w\" sizes=\"(max-width: 1500px) 100vw, 1500px\" \/>\t\t\t\t\t\t\t\t\t\t\t\t\t\t\t<\/div>\n\t\t\t\t<\/div>\n\t\t\t\t<div class=\"elementor-element elementor-element-7084e73 elementor-widget elementor-widget-heading\" data-id=\"7084e73\" data-element_type=\"widget\" data-e-type=\"widget\" data-widget_type=\"heading.default\">\n\t\t\t\t<div class=\"elementor-widget-container\">\n\t\t\t\t\t<h2 class=\"elementor-heading-title elementor-size-large\">Trucks<\/h2>\t\t\t\t<\/div>\n\t\t\t\t<\/div>\n\t\t\t\t<div class=\"elementor-element elementor-element-797a45d elementor-widget elementor-widget-text-editor\" data-id=\"797a45d\" data-element_type=\"widget\" data-e-type=\"widget\" data-widget_type=\"text-editor.default\">\n\t\t\t\t<div class=\"elementor-widget-container\">\n\t\t\t\t\t\t\t\t\t<p>Be-Ge has represented Scania trucks since 1941 and is the world's oldest privately owned dealer for Scania. Be-Ge Lastbilar AB is responsible for sales and services of Scania trucks and buses. Our Dealership Operations are conducted from our own facilities in Oskarshamn, Vetlanda, Hultsfred and Visby.<\/p>\t\t\t\t\t\t\t\t<\/div>\n\t\t\t\t<\/div>\n\t\t\t\t<div class=\"elementor-element elementor-element-583fb254 elementor-widget elementor-widget-button\" data-id=\"583fb254\" data-element_type=\"widget\" data-e-type=\"widget\" data-widget_type=\"button.default\">\n\t\t\t\t<div class=\"elementor-widget-container\">\n\t\t\t\t\t\t\t\t\t<div class=\"elementor-button-wrapper\">\n\t\t\t\t\t<a class=\"elementor-button elementor-button-link elementor-size-sm\" href=\"https:\/\/lb.be-ge.se\/foretaget\/english\/\">\n\t\t\t\t\t\t<span class=\"elementor-button-content-wrapper\">\n\t\t\t\t\t\t\t\t\t<span class=\"elementor-button-text\">Read more<\/span>\n\t\t\t\t\t<\/span>\n\t\t\t\t\t<\/a>\n\t\t\t\t<\/div>\n\t\t\t\t\t\t\t\t<\/div>\n\t\t\t\t<\/div>\n\t\t\t\t\t<\/div>\n\t\t<\/div>\n\t\t\t\t\t<\/div>\n\t\t<\/section>\n\t\t\t\t<section class=\"elementor-section elementor-top-section elementor-element elementor-element-6cfbbcc elementor-section-boxed elementor-section-height-default elementor-section-height-default\" data-id=\"6cfbbcc\" data-element_type=\"section\" data-e-type=\"section\" data-settings=\"{&quot;background_background&quot;:&quot;classic&quot;}\">\n\t\t\t\t\t\t<div class=\"elementor-container elementor-column-gap-default\">\n\t\t\t\t\t<div class=\"elementor-column elementor-col-50 elementor-top-column elementor-element elementor-element-6d07967\" data-id=\"6d07967\" data-element_type=\"column\" data-e-type=\"column\">\n\t\t\t<div class=\"elementor-widget-wrap elementor-element-populated\">\n\t\t\t\t\t\t<div class=\"elementor-element elementor-element-740ec79a elementor-widget elementor-widget-image\" data-id=\"740ec79a\" data-element_type=\"widget\" data-e-type=\"widget\" data-widget_type=\"image.default\">\n\t\t\t\t<div class=\"elementor-widget-container\">\n\t\t\t\t\t\t\t\t\t\t\t\t\t\t\t<img decoding=\"async\" width=\"1500\" height=\"1080\" src=\"https:\/\/be-ge.se\/wp-content\/uploads\/2024\/04\/vw-amarok-aventura-3-4-frontview-reg-1.webp\" class=\"attachment-full size-full wp-image-15551\" alt=\"\" srcset=\"https:\/\/be-ge.se\/wp-content\/uploads\/2024\/04\/vw-amarok-aventura-3-4-frontview-reg-1.webp 1500w, https:\/\/be-ge.se\/wp-content\/uploads\/2024\/04\/vw-amarok-aventura-3-4-frontview-reg-1-300x216.webp 300w, https:\/\/be-ge.se\/wp-content\/uploads\/2024\/04\/vw-amarok-aventura-3-4-frontview-reg-1-1024x737.webp 1024w, https:\/\/be-ge.se\/wp-content\/uploads\/2024\/04\/vw-amarok-aventura-3-4-frontview-reg-1-768x553.webp 768w, https:\/\/be-ge.se\/wp-content\/uploads\/2024\/04\/vw-amarok-aventura-3-4-frontview-reg-1-18x12.webp 18w\" sizes=\"(max-width: 1500px) 100vw, 1500px\" \/>\t\t\t\t\t\t\t\t\t\t\t\t\t\t\t<\/div>\n\t\t\t\t<\/div>\n\t\t\t\t<div class=\"elementor-element elementor-element-a115d31 elementor-widget elementor-widget-heading\" data-id=\"a115d31\" data-element_type=\"widget\" data-e-type=\"widget\" data-widget_type=\"heading.default\">\n\t\t\t\t<div class=\"elementor-widget-container\">\n\t\t\t\t\t<h2 class=\"elementor-heading-title elementor-size-large\">Vans<\/h2>\t\t\t\t<\/div>\n\t\t\t\t<\/div>\n\t\t\t\t<div class=\"elementor-element elementor-element-4be041ac elementor-widget elementor-widget-text-editor\" data-id=\"4be041ac\" data-element_type=\"widget\" data-e-type=\"widget\" data-widget_type=\"text-editor.default\">\n\t\t\t\t<div class=\"elementor-widget-container\">\n\t\t\t\t\t\t\t\t\t<p>Be-Ge Personbilar AB are authorized partners for Volkswagen Commercial Vehicles with everything from Volkswagen Caddy to the new Multivan. Whether you're after a new van to help build your business, or a used vehicle that offers reliable performance and peace of mind, Volkswagen Commercial Vehicles has the answer. We also work with a number of bodybuilders where interiors for both light trucks and buses are available.<\/p>\t\t\t\t\t\t\t\t<\/div>\n\t\t\t\t<\/div>\n\t\t\t\t<div class=\"elementor-element elementor-element-e4d01a8 elementor-widget elementor-widget-button\" data-id=\"e4d01a8\" data-element_type=\"widget\" data-e-type=\"widget\" data-widget_type=\"button.default\">\n\t\t\t\t<div class=\"elementor-widget-container\">\n\t\t\t\t\t\t\t\t\t<div class=\"elementor-button-wrapper\">\n\t\t\t\t\t<a class=\"elementor-button elementor-button-link elementor-size-sm\" href=\"https:\/\/pb.be-ge.se\/english\">\n\t\t\t\t\t\t<span class=\"elementor-button-content-wrapper\">\n\t\t\t\t\t\t\t\t\t<span class=\"elementor-button-text\">Read more<\/span>\n\t\t\t\t\t<\/span>\n\t\t\t\t\t<\/a>\n\t\t\t\t<\/div>\n\t\t\t\t\t\t\t\t<\/div>\n\t\t\t\t<\/div>\n\t\t\t\t\t<\/div>\n\t\t<\/div>\n\t\t\t\t<div class=\"elementor-column elementor-col-50 elementor-top-column elementor-element elementor-element-d7d208a\" data-id=\"d7d208a\" data-element_type=\"column\" data-e-type=\"column\">\n\t\t\t<div class=\"elementor-widget-wrap\">\n\t\t\t\t\t\t\t<\/div>\n\t\t<\/div>\n\t\t\t\t\t<\/div>\n\t\t<\/section>\n\t\t\t\t<section class=\"elementor-section elementor-top-section elementor-element elementor-element-b4d4cd8 elementor-section-boxed elementor-section-height-default elementor-section-height-default\" data-id=\"b4d4cd8\" data-element_type=\"section\" data-e-type=\"section\">\n\t\t\t\t\t\t<div class=\"elementor-container elementor-column-gap-default\">\n\t\t\t\t\t<div class=\"elementor-column elementor-col-100 elementor-top-column elementor-element elementor-element-6b245a3\" data-id=\"6b245a3\" data-element_type=\"column\" data-e-type=\"column\">\n\t\t\t<div class=\"elementor-widget-wrap elementor-element-populated\">\n\t\t\t\t\t\t<div class=\"elementor-element elementor-element-2ad529e elementor-widget elementor-widget-spacer\" data-id=\"2ad529e\" data-element_type=\"widget\" data-e-type=\"widget\" data-widget_type=\"spacer.default\">\n\t\t\t\t<div class=\"elementor-widget-container\">\n\t\t\t\t\t\t\t<div class=\"elementor-spacer\">\n\t\t\t<div class=\"elementor-spacer-inner\"><\/div>\n\t\t<\/div>\n\t\t\t\t\t\t<\/div>\n\t\t\t\t<\/div>\n\t\t\t\t\t<\/div>\n\t\t<\/div>\n\t\t\t\t\t<\/div>\n\t\t<\/section>\n\t\t\t\t<\/div>","protected":false},"excerpt":{"rendered":"<p>Be-Ge Vehicle Division Be-Ge Personbilar AB innehar agenturerna f\u00f6r person- och transportbilar av m\u00e4rkena Volkswagen och Skoda med anl\u00e4ggningar i Oskarshamn och Vetlanda. Inom samma omr\u00e5de svarar Be-Ge Lastbilar AB f\u00f6r f\u00f6rs\u00e4ljningen och marknadsf\u00f6ringen av Scania lastbilar. Be-Ge Lastbilar AB bedriver anl\u00e4ggningar i Oskarshamn, Hultsfred, Vetlanda och Visby.&nbsp; Personbilar Be-Ge Personbilar AB sk\u00f6ter f\u00f6rs\u00e4ljning och [&hellip;]<\/p>\n","protected":false},"author":7,"featured_media":0,"parent":0,"menu_order":0,"comment_status":"closed","ping_status":"closed","template":"","meta":{"_acf_changed":false,"footnotes":""},"class_list":["post-8172","page","type-page","status-publish","hentry"],"acf":[],"_links":{"self":[{"href":"https:\/\/be-ge.se\/en\/wp-json\/wp\/v2\/pages\/8172","targetHints":{"allow":["GET"]}}],"collection":[{"href":"https:\/\/be-ge.se\/en\/wp-json\/wp\/v2\/pages"}],"about":[{"href":"https:\/\/be-ge.se\/en\/wp-json\/wp\/v2\/types\/page"}],"author":[{"embeddable":true,"href":"https:\/\/be-ge.se\/en\/wp-json\/wp\/v2\/users\/7"}],"replies":[{"embeddable":true,"href":"https:\/\/be-ge.se\/en\/wp-json\/wp\/v2\/comments?post=8172"}],"version-history":[{"count":0,"href":"https:\/\/be-ge.se\/en\/wp-json\/wp\/v2\/pages\/8172\/revisions"}],"wp:attachment":[{"href":"https:\/\/be-ge.se\/en\/wp-json\/wp\/v2\/media?parent=8172"}],"curies":[{"name":"wp","href":"https:\/\/api.w.org\/{rel}","templated":true}]}}