{"id":8122,"date":"2021-10-15T10:17:46","date_gmt":"2021-10-15T08:17:46","guid":{"rendered":"http:\/\/be-ge.se\/?page_id=8122"},"modified":"2026-01-23T15:58:35","modified_gmt":"2026-01-23T14:58:35","slug":"be-ge-component-division","status":"publish","type":"page","link":"https:\/\/be-ge.se\/en\/be-ge-component-division\/","title":{"rendered":"Be-Ge Component Division"},"content":{"rendered":"<div data-elementor-type=\"wp-page\" data-elementor-id=\"8122\" class=\"elementor elementor-8122\" data-elementor-post-type=\"page\">\n\t\t\t\t\t\t<section class=\"elementor-section elementor-top-section elementor-element elementor-element-2c803646 elementor-section-content-middle elementor-section-boxed elementor-section-height-default elementor-section-height-default\" data-id=\"2c803646\" data-element_type=\"section\" data-e-type=\"section\">\n\t\t\t\t\t\t<div class=\"elementor-container elementor-column-gap-default\">\n\t\t\t\t\t<div class=\"elementor-column elementor-col-50 elementor-top-column elementor-element elementor-element-2543d724\" data-id=\"2543d724\" data-element_type=\"column\" data-e-type=\"column\">\n\t\t\t<div class=\"elementor-widget-wrap elementor-element-populated\">\n\t\t\t\t\t\t<div class=\"elementor-element elementor-element-7d0339a0 elementor-widget elementor-widget-heading\" data-id=\"7d0339a0\" data-element_type=\"widget\" data-e-type=\"widget\" data-widget_type=\"heading.default\">\n\t\t\t\t<div class=\"elementor-widget-container\">\n\t\t\t\t\t<h1 class=\"elementor-heading-title elementor-size-large\">Be-Ge Component Division<\/h1>\t\t\t\t<\/div>\n\t\t\t\t<\/div>\n\t\t\t\t\t<\/div>\n\t\t<\/div>\n\t\t\t\t<div class=\"elementor-column elementor-col-50 elementor-top-column elementor-element elementor-element-30acdb0c\" data-id=\"30acdb0c\" data-element_type=\"column\" data-e-type=\"column\">\n\t\t\t<div class=\"elementor-widget-wrap elementor-element-populated\">\n\t\t\t\t\t\t<div class=\"elementor-element elementor-element-19e92c92 elementor-widget elementor-widget-text-editor\" data-id=\"19e92c92\" data-element_type=\"widget\" data-e-type=\"widget\" data-widget_type=\"text-editor.default\">\n\t\t\t\t<div class=\"elementor-widget-container\">\n\t\t\t\t\t\t\t\t\tBe-Ge Baltic UAB in Klaipeda, Lithuania, is engaged in industrial sewing as well as partial and final assembly of subcontracted components. Be-Ge Pl\u00e5tindustri AB manufactures sheet metal components for the engineering industry and Be-Ge Stece AB in M\u00f6nster\u00e5s manufactures stamped components and tools. Be-Ge Lackering is engaged in industrial painting of ancillaries which is made up largely of truck cabs.\t\t\t\t\t\t\t\t<\/div>\n\t\t\t\t<\/div>\n\t\t\t\t\t<\/div>\n\t\t<\/div>\n\t\t\t\t\t<\/div>\n\t\t<\/section>\n\t\t\t\t<section class=\"elementor-section elementor-top-section elementor-element elementor-element-6d121d7 elementor-section-boxed elementor-section-height-default elementor-section-height-default\" data-id=\"6d121d7\" data-element_type=\"section\" data-e-type=\"section\" data-settings=\"{&quot;background_background&quot;:&quot;classic&quot;}\">\n\t\t\t\t\t\t<div class=\"elementor-container elementor-column-gap-default\">\n\t\t\t\t\t<div class=\"elementor-column elementor-col-50 elementor-top-column elementor-element elementor-element-c34664e\" data-id=\"c34664e\" data-element_type=\"column\" data-e-type=\"column\">\n\t\t\t<div class=\"elementor-widget-wrap elementor-element-populated\">\n\t\t\t\t\t\t<div class=\"elementor-element elementor-element-889b0e3 elementor-widget elementor-widget-image\" data-id=\"889b0e3\" data-element_type=\"widget\" data-e-type=\"widget\" data-widget_type=\"image.default\">\n\t\t\t\t<div class=\"elementor-widget-container\">\n\t\t\t\t\t\t\t\t\t\t\t\t\t\t\t<img fetchpriority=\"high\" decoding=\"async\" width=\"800\" height=\"521\" src=\"https:\/\/be-ge.se\/wp-content\/uploads\/2024\/02\/eton_begebaltic_1.webp\" class=\"attachment-large size-large wp-image-15094\" alt=\"Be-Ge Baltic UAB\" srcset=\"https:\/\/be-ge.se\/wp-content\/uploads\/2024\/02\/eton_begebaltic_1.webp 800w, https:\/\/be-ge.se\/wp-content\/uploads\/2024\/02\/eton_begebaltic_1-300x195.webp 300w, https:\/\/be-ge.se\/wp-content\/uploads\/2024\/02\/eton_begebaltic_1-768x500.webp 768w, https:\/\/be-ge.se\/wp-content\/uploads\/2024\/02\/eton_begebaltic_1-18x12.webp 18w\" sizes=\"(max-width: 800px) 100vw, 800px\" \/>\t\t\t\t\t\t\t\t\t\t\t\t\t\t\t<\/div>\n\t\t\t\t<\/div>\n\t\t\t\t<div class=\"elementor-element elementor-element-dd432de elementor-widget elementor-widget-heading\" data-id=\"dd432de\" data-element_type=\"widget\" data-e-type=\"widget\" data-widget_type=\"heading.default\">\n\t\t\t\t<div class=\"elementor-widget-container\">\n\t\t\t\t\t<h5 class=\"elementor-heading-title elementor-size-medium\">Sewing\/Assembly<\/h5>\t\t\t\t<\/div>\n\t\t\t\t<\/div>\n\t\t\t\t<div class=\"elementor-element elementor-element-44fb7bf elementor-widget elementor-widget-text-editor\" data-id=\"44fb7bf\" data-element_type=\"widget\" data-e-type=\"widget\" data-widget_type=\"text-editor.default\">\n\t\t\t\t<div class=\"elementor-widget-container\">\n\t\t\t\t\t\t\t\t\t<p>Be-Ge Baltic UAB conducts industrial sewing,\nupholstery and assembly. The company is specialised in industrial sewing and upholstery as well as partial and final assembly of components to customers in the manufacturing sectors vehicle, office, conference and passenger seats and chairs, furniture for public environment, health and care, wheelchairs and various other textile articles.<\/p>\t\t\t\t\t\t\t\t<\/div>\n\t\t\t\t<\/div>\n\t\t\t\t<div class=\"elementor-element elementor-element-41aecc9 elementor-widget elementor-widget-button\" data-id=\"41aecc9\" data-element_type=\"widget\" data-e-type=\"widget\" data-widget_type=\"button.default\">\n\t\t\t\t<div class=\"elementor-widget-container\">\n\t\t\t\t\t\t\t\t\t<div class=\"elementor-button-wrapper\">\n\t\t\t\t\t<a class=\"elementor-button elementor-button-link elementor-size-sm\" href=\"https:\/\/baltic.be-ge.se\/\">\n\t\t\t\t\t\t<span class=\"elementor-button-content-wrapper\">\n\t\t\t\t\t\t\t\t\t<span class=\"elementor-button-text\">Read more<\/span>\n\t\t\t\t\t<\/span>\n\t\t\t\t\t<\/a>\n\t\t\t\t<\/div>\n\t\t\t\t\t\t\t\t<\/div>\n\t\t\t\t<\/div>\n\t\t\t\t\t<\/div>\n\t\t<\/div>\n\t\t\t\t<div class=\"elementor-column elementor-col-50 elementor-top-column elementor-element elementor-element-9f8cadc\" data-id=\"9f8cadc\" data-element_type=\"column\" data-e-type=\"column\">\n\t\t\t<div class=\"elementor-widget-wrap elementor-element-populated\">\n\t\t\t\t\t\t<div class=\"elementor-element elementor-element-b2629b4 elementor-widget elementor-widget-image\" data-id=\"b2629b4\" data-element_type=\"widget\" data-e-type=\"widget\" data-widget_type=\"image.default\">\n\t\t\t\t<div class=\"elementor-widget-container\">\n\t\t\t\t\t\t\t\t\t\t\t\t\t\t\t<img decoding=\"async\" width=\"768\" height=\"499\" src=\"https:\/\/be-ge.se\/wp-content\/uploads\/2026\/01\/begebpi_p.webp\" class=\"attachment-large size-large wp-image-20615\" alt=\"\" srcset=\"https:\/\/be-ge.se\/wp-content\/uploads\/2026\/01\/begebpi_p.webp 768w, https:\/\/be-ge.se\/wp-content\/uploads\/2026\/01\/begebpi_p-300x195.webp 300w, https:\/\/be-ge.se\/wp-content\/uploads\/2026\/01\/begebpi_p-18x12.webp 18w\" sizes=\"(max-width: 768px) 100vw, 768px\" \/>\t\t\t\t\t\t\t\t\t\t\t\t\t\t\t<\/div>\n\t\t\t\t<\/div>\n\t\t\t\t<div class=\"elementor-element elementor-element-02ad313 elementor-widget elementor-widget-heading\" data-id=\"02ad313\" data-element_type=\"widget\" data-e-type=\"widget\" data-widget_type=\"heading.default\">\n\t\t\t\t<div class=\"elementor-widget-container\">\n\t\t\t\t\t<h2 class=\"elementor-heading-title elementor-size-large\">Metal Components<\/h2>\t\t\t\t<\/div>\n\t\t\t\t<\/div>\n\t\t\t\t<div class=\"elementor-element elementor-element-c48c06d elementor-widget elementor-widget-text-editor\" data-id=\"c48c06d\" data-element_type=\"widget\" data-e-type=\"widget\" data-widget_type=\"text-editor.default\">\n\t\t\t\t<div class=\"elementor-widget-container\">\n\t\t\t\t\t\t\t\t\t<p>Be-Ge Pl\u00e5tindustri AB manufactures complex sheet metal components <br> for the engineering industry in modern laser and punching machines. <br>The components are further refined by edge bending or hydraulic and <br> eccentric pressing. The company is an innovative partner and provides customer support, as well as cost-saving proposals during the development phase.\u00a0<\/p>\t\t\t\t\t\t\t\t<\/div>\n\t\t\t\t<\/div>\n\t\t\t\t<div class=\"elementor-element elementor-element-a315ea3 elementor-widget elementor-widget-button\" data-id=\"a315ea3\" data-element_type=\"widget\" data-e-type=\"widget\" data-widget_type=\"button.default\">\n\t\t\t\t<div class=\"elementor-widget-container\">\n\t\t\t\t\t\t\t\t\t<div class=\"elementor-button-wrapper\">\n\t\t\t\t\t<a class=\"elementor-button elementor-button-link elementor-size-sm\" href=\"https:\/\/bpi.be-ge.se\/en\/\">\n\t\t\t\t\t\t<span class=\"elementor-button-content-wrapper\">\n\t\t\t\t\t\t\t\t\t<span class=\"elementor-button-text\">Read more<\/span>\n\t\t\t\t\t<\/span>\n\t\t\t\t\t<\/a>\n\t\t\t\t<\/div>\n\t\t\t\t\t\t\t\t<\/div>\n\t\t\t\t<\/div>\n\t\t\t\t\t<\/div>\n\t\t<\/div>\n\t\t\t\t\t<\/div>\n\t\t<\/section>\n\t\t\t\t<section class=\"elementor-section elementor-top-section elementor-element elementor-element-f9bb768 elementor-section-boxed elementor-section-height-default elementor-section-height-default\" data-id=\"f9bb768\" data-element_type=\"section\" data-e-type=\"section\" data-settings=\"{&quot;background_background&quot;:&quot;classic&quot;}\">\n\t\t\t\t\t\t<div class=\"elementor-container elementor-column-gap-default\">\n\t\t\t\t\t<div class=\"elementor-column elementor-col-50 elementor-top-column elementor-element elementor-element-27de6e0\" data-id=\"27de6e0\" data-element_type=\"column\" data-e-type=\"column\">\n\t\t\t<div class=\"elementor-widget-wrap elementor-element-populated\">\n\t\t\t\t\t\t<div class=\"elementor-element elementor-element-6798a57 elementor-widget elementor-widget-image\" data-id=\"6798a57\" data-element_type=\"widget\" data-e-type=\"widget\" data-widget_type=\"image.default\">\n\t\t\t\t<div class=\"elementor-widget-container\">\n\t\t\t\t\t\t\t\t\t\t\t\t\t\t\t<img decoding=\"async\" width=\"768\" height=\"499\" src=\"https:\/\/be-ge.se\/wp-content\/uploads\/2026\/01\/begestece_p.webp\" class=\"attachment-large size-large wp-image-20614\" alt=\"\" srcset=\"https:\/\/be-ge.se\/wp-content\/uploads\/2026\/01\/begestece_p.webp 768w, https:\/\/be-ge.se\/wp-content\/uploads\/2026\/01\/begestece_p-300x195.webp 300w, https:\/\/be-ge.se\/wp-content\/uploads\/2026\/01\/begestece_p-18x12.webp 18w\" sizes=\"(max-width: 768px) 100vw, 768px\" \/>\t\t\t\t\t\t\t\t\t\t\t\t\t\t\t<\/div>\n\t\t\t\t<\/div>\n\t\t\t\t<div class=\"elementor-element elementor-element-48ba941 elementor-widget elementor-widget-heading\" data-id=\"48ba941\" data-element_type=\"widget\" data-e-type=\"widget\" data-widget_type=\"heading.default\">\n\t\t\t\t<div class=\"elementor-widget-container\">\n\t\t\t\t\t<h5 class=\"elementor-heading-title elementor-size-medium\">Press Components<\/h5>\t\t\t\t<\/div>\n\t\t\t\t<\/div>\n\t\t\t\t<div class=\"elementor-element elementor-element-f1af61b elementor-widget elementor-widget-text-editor\" data-id=\"f1af61b\" data-element_type=\"widget\" data-e-type=\"widget\" data-widget_type=\"text-editor.default\">\n\t\t\t\t<div class=\"elementor-widget-container\">\n\t\t\t\t\t\t\t\t\t<p>Be-Ge Stece AB supplies components for trucks, passenger cars and machinery, also consumer products in heat technology, construction, electronics and white goods. The Company develops and manufactures tools and fixtures and leads the customer all the way from prototype to series delivery owing to broad material technical know-how and solid design and tool competence.<\/p>\t\t\t\t\t\t\t\t<\/div>\n\t\t\t\t<\/div>\n\t\t\t\t<div class=\"elementor-element elementor-element-6256bbb elementor-widget elementor-widget-button\" data-id=\"6256bbb\" data-element_type=\"widget\" data-e-type=\"widget\" data-widget_type=\"button.default\">\n\t\t\t\t<div class=\"elementor-widget-container\">\n\t\t\t\t\t\t\t\t\t<div class=\"elementor-button-wrapper\">\n\t\t\t\t\t<a class=\"elementor-button elementor-button-link elementor-size-sm\" href=\"https:\/\/stece.be-ge.se\/en\/\">\n\t\t\t\t\t\t<span class=\"elementor-button-content-wrapper\">\n\t\t\t\t\t\t\t\t\t<span class=\"elementor-button-text\">Read more<\/span>\n\t\t\t\t\t<\/span>\n\t\t\t\t\t<\/a>\n\t\t\t\t<\/div>\n\t\t\t\t\t\t\t\t<\/div>\n\t\t\t\t<\/div>\n\t\t\t\t\t<\/div>\n\t\t<\/div>\n\t\t\t\t<div class=\"elementor-column elementor-col-50 elementor-top-column elementor-element elementor-element-df106a9\" data-id=\"df106a9\" data-element_type=\"column\" data-e-type=\"column\">\n\t\t\t<div class=\"elementor-widget-wrap elementor-element-populated\">\n\t\t\t\t\t\t<div class=\"elementor-element elementor-element-5e9687c elementor-widget elementor-widget-image\" data-id=\"5e9687c\" data-element_type=\"widget\" data-e-type=\"widget\" data-widget_type=\"image.default\">\n\t\t\t\t<div class=\"elementor-widget-container\">\n\t\t\t\t\t\t\t\t\t\t\t\t\t\t\t<img loading=\"lazy\" decoding=\"async\" width=\"768\" height=\"499\" src=\"https:\/\/be-ge.se\/wp-content\/uploads\/2026\/01\/begelackering_p.webp\" class=\"attachment-large size-large wp-image-20612\" alt=\"\" srcset=\"https:\/\/be-ge.se\/wp-content\/uploads\/2026\/01\/begelackering_p.webp 768w, https:\/\/be-ge.se\/wp-content\/uploads\/2026\/01\/begelackering_p-300x195.webp 300w, https:\/\/be-ge.se\/wp-content\/uploads\/2026\/01\/begelackering_p-18x12.webp 18w\" sizes=\"(max-width: 768px) 100vw, 768px\" \/>\t\t\t\t\t\t\t\t\t\t\t\t\t\t\t<\/div>\n\t\t\t\t<\/div>\n\t\t\t\t<div class=\"elementor-element elementor-element-ed9eaed elementor-widget elementor-widget-heading\" data-id=\"ed9eaed\" data-element_type=\"widget\" data-e-type=\"widget\" data-widget_type=\"heading.default\">\n\t\t\t\t<div class=\"elementor-widget-container\">\n\t\t\t\t\t<h2 class=\"elementor-heading-title elementor-size-large\">Painting\n<\/h2>\t\t\t\t<\/div>\n\t\t\t\t<\/div>\n\t\t\t\t<div class=\"elementor-element elementor-element-8072466 elementor-widget elementor-widget-text-editor\" data-id=\"8072466\" data-element_type=\"widget\" data-e-type=\"widget\" data-widget_type=\"text-editor.default\">\n\t\t\t\t<div class=\"elementor-widget-container\">\n\t\t\t\t\t\t\t\t\t<p>Be-Ge Lackering AB conducts automotive and\nindustrial paint. The company has capacity to paint everything from complete trucks, buses, boats and similar larger objects to smaller components in larger series. The car painting segment consists of repairs and painting, mainly of damaged passenger and transport cars, with insurance companies and private individuals as customers.<\/p>\t\t\t\t\t\t\t\t<\/div>\n\t\t\t\t<\/div>\n\t\t\t\t<div class=\"elementor-element elementor-element-e364391 elementor-widget elementor-widget-button\" data-id=\"e364391\" data-element_type=\"widget\" data-e-type=\"widget\" data-widget_type=\"button.default\">\n\t\t\t\t<div class=\"elementor-widget-container\">\n\t\t\t\t\t\t\t\t\t<div class=\"elementor-button-wrapper\">\n\t\t\t\t\t<a class=\"elementor-button elementor-button-link elementor-size-sm\" href=\"https:\/\/lack.be-ge.se\/en\/\">\n\t\t\t\t\t\t<span class=\"elementor-button-content-wrapper\">\n\t\t\t\t\t\t\t\t\t<span class=\"elementor-button-text\">Read more<\/span>\n\t\t\t\t\t<\/span>\n\t\t\t\t\t<\/a>\n\t\t\t\t<\/div>\n\t\t\t\t\t\t\t\t<\/div>\n\t\t\t\t<\/div>\n\t\t\t\t\t<\/div>\n\t\t<\/div>\n\t\t\t\t\t<\/div>\n\t\t<\/section>\n\t\t\t\t<section class=\"elementor-section elementor-top-section elementor-element elementor-element-d5124b8 elementor-section-boxed elementor-section-height-default elementor-section-height-default\" data-id=\"d5124b8\" data-element_type=\"section\" data-e-type=\"section\">\n\t\t\t\t\t\t<div class=\"elementor-container elementor-column-gap-default\">\n\t\t\t\t\t<div class=\"elementor-column elementor-col-100 elementor-top-column elementor-element elementor-element-55f7ed4\" data-id=\"55f7ed4\" data-element_type=\"column\" data-e-type=\"column\">\n\t\t\t<div class=\"elementor-widget-wrap elementor-element-populated\">\n\t\t\t\t\t\t<div class=\"elementor-element elementor-element-59747db elementor-widget elementor-widget-spacer\" data-id=\"59747db\" data-element_type=\"widget\" data-e-type=\"widget\" data-widget_type=\"spacer.default\">\n\t\t\t\t<div class=\"elementor-widget-container\">\n\t\t\t\t\t\t\t<div class=\"elementor-spacer\">\n\t\t\t<div class=\"elementor-spacer-inner\"><\/div>\n\t\t<\/div>\n\t\t\t\t\t\t<\/div>\n\t\t\t\t<\/div>\n\t\t\t\t\t<\/div>\n\t\t<\/div>\n\t\t\t\t\t<\/div>\n\t\t<\/section>\n\t\t\t\t<\/div>","protected":false},"excerpt":{"rendered":"<p>Be-Ge Component Division Be-Ge Baltic UAB i Klaipeda, Litauen, bedriver industriell s\u00f6mnad samt del- och slutmontering av komponenter p\u00e5 legouppdrag. Be-Ge Pl\u00e5tindustri AB tillverkar pl\u00e5tkomponenter till verkstadsindustrin och Be-Ge Stece AB i M\u00f6nster\u00e5s tillverkar pressdetaljer och verktyg. Be-Ge Lackering bedriver industriell lackering av detaljer som utg\u00f6rs till stor del av lastbilshytter. S\u00f6mnad\/montering Be-Ge Baltic UAB [&hellip;]<\/p>\n","protected":false},"author":7,"featured_media":0,"parent":0,"menu_order":0,"comment_status":"closed","ping_status":"closed","template":"","meta":{"_acf_changed":false,"footnotes":""},"class_list":["post-8122","page","type-page","status-publish","hentry"],"acf":[],"_links":{"self":[{"href":"https:\/\/be-ge.se\/en\/wp-json\/wp\/v2\/pages\/8122","targetHints":{"allow":["GET"]}}],"collection":[{"href":"https:\/\/be-ge.se\/en\/wp-json\/wp\/v2\/pages"}],"about":[{"href":"https:\/\/be-ge.se\/en\/wp-json\/wp\/v2\/types\/page"}],"author":[{"embeddable":true,"href":"https:\/\/be-ge.se\/en\/wp-json\/wp\/v2\/users\/7"}],"replies":[{"embeddable":true,"href":"https:\/\/be-ge.se\/en\/wp-json\/wp\/v2\/comments?post=8122"}],"version-history":[{"count":0,"href":"https:\/\/be-ge.se\/en\/wp-json\/wp\/v2\/pages\/8122\/revisions"}],"wp:attachment":[{"href":"https:\/\/be-ge.se\/en\/wp-json\/wp\/v2\/media?parent=8122"}],"curies":[{"name":"wp","href":"https:\/\/api.w.org\/{rel}","templated":true}]}}