{"id":8069,"date":"2021-10-14T11:46:15","date_gmt":"2021-10-14T09:46:15","guid":{"rendered":"http:\/\/be-ge.se\/?page_id=8069"},"modified":"2025-11-19T08:39:15","modified_gmt":"2025-11-19T07:39:15","slug":"be-ge-integritetspolicy","status":"publish","type":"page","link":"https:\/\/be-ge.se\/en\/be-ge-integritetspolicy\/","title":{"rendered":"Be-Ge Integrity Policy"},"content":{"rendered":"<div data-elementor-type=\"wp-page\" data-elementor-id=\"8069\" class=\"elementor elementor-8069\" data-elementor-post-type=\"page\">\n\t\t\t\t\t\t<section class=\"elementor-section elementor-top-section elementor-element elementor-element-3aa752f9 elementor-section-content-middle elementor-section-boxed elementor-section-height-default elementor-section-height-default\" data-id=\"3aa752f9\" data-element_type=\"section\" data-e-type=\"section\">\n\t\t\t\t\t\t<div class=\"elementor-container elementor-column-gap-default\">\n\t\t\t\t\t<div class=\"elementor-column elementor-col-50 elementor-top-column elementor-element elementor-element-52277f33\" data-id=\"52277f33\" data-element_type=\"column\" data-e-type=\"column\">\n\t\t\t<div class=\"elementor-widget-wrap elementor-element-populated\">\n\t\t\t\t\t\t<div class=\"elementor-element elementor-element-15a410c2 elementor-widget elementor-widget-heading\" data-id=\"15a410c2\" data-element_type=\"widget\" data-e-type=\"widget\" data-widget_type=\"heading.default\">\n\t\t\t\t<div class=\"elementor-widget-container\">\n\t\t\t\t\t<h1 class=\"elementor-heading-title elementor-size-large\">Be-Ge Integrity Policy\n<\/h1>\t\t\t\t<\/div>\n\t\t\t\t<\/div>\n\t\t\t\t\t<\/div>\n\t\t<\/div>\n\t\t\t\t<div class=\"elementor-column elementor-col-50 elementor-top-column elementor-element elementor-element-4a6c19e6\" data-id=\"4a6c19e6\" data-element_type=\"column\" data-e-type=\"column\">\n\t\t\t<div class=\"elementor-widget-wrap elementor-element-populated\">\n\t\t\t\t\t\t<div class=\"elementor-element elementor-element-1ad0f8dd elementor-widget elementor-widget-text-editor\" data-id=\"1ad0f8dd\" data-element_type=\"widget\" data-e-type=\"widget\" data-widget_type=\"text-editor.default\">\n\t\t\t\t<div class=\"elementor-widget-container\">\n\t\t\t\t\t\t\t\t\t<div id=\"x-section-1\" class=\"x-section\">\n<div class=\"x-container max width\">\n<div class=\"x-column x-sm x-1-1\">\n<div class=\"x-text cs-ta-left bege-intro\">\n<p>The integrity policy applies when Be-Ge provides services and products related to purchase, service issues and other contact with Be-Ge, such as visits, visits to the website, etc.<\/p><\/div><\/div><\/div><\/div>\t\t\t\t\t\t\t\t<\/div>\n\t\t\t\t<\/div>\n\t\t\t\t\t<\/div>\n\t\t<\/div>\n\t\t\t\t\t<\/div>\n\t\t<\/section>\n\t\t\t\t<section class=\"elementor-section elementor-top-section elementor-element elementor-element-791794ae elementor-section-full_width elementor-section-height-min-height elementor-section-height-default elementor-section-items-middle\" data-id=\"791794ae\" data-element_type=\"section\" data-e-type=\"section\" data-settings=\"{&quot;background_background&quot;:&quot;classic&quot;}\">\n\t\t\t\t\t\t\t<div class=\"elementor-background-overlay\"><\/div>\n\t\t\t\t\t\t\t<div class=\"elementor-container elementor-column-gap-default\">\n\t\t\t\t\t<div class=\"elementor-column elementor-col-100 elementor-top-column elementor-element elementor-element-7cf23df0\" data-id=\"7cf23df0\" data-element_type=\"column\" data-e-type=\"column\">\n\t\t\t<div class=\"elementor-widget-wrap elementor-element-populated\">\n\t\t\t\t\t\t<section class=\"elementor-section elementor-inner-section elementor-element elementor-element-7f49bea4 elementor-section-boxed elementor-section-height-default elementor-section-height-default\" data-id=\"7f49bea4\" data-element_type=\"section\" data-e-type=\"section\">\n\t\t\t\t\t\t<div class=\"elementor-container elementor-column-gap-default\">\n\t\t\t\t\t<div class=\"elementor-column elementor-col-100 elementor-inner-column elementor-element elementor-element-78dac96d\" data-id=\"78dac96d\" data-element_type=\"column\" data-e-type=\"column\">\n\t\t\t<div class=\"elementor-widget-wrap elementor-element-populated\">\n\t\t\t\t\t\t<div class=\"elementor-element elementor-element-71a99f02 elementor-widget elementor-widget-heading\" data-id=\"71a99f02\" data-element_type=\"widget\" data-e-type=\"widget\" data-widget_type=\"heading.default\">\n\t\t\t\t<div class=\"elementor-widget-container\">\n\t\t\t\t\t<h1 class=\"elementor-heading-title elementor-size-large\">Privacy and marketing policy<\/h1>\t\t\t\t<\/div>\n\t\t\t\t<\/div>\n\t\t\t\t\t<\/div>\n\t\t<\/div>\n\t\t\t\t\t<\/div>\n\t\t<\/section>\n\t\t\t\t\t<\/div>\n\t\t<\/div>\n\t\t\t\t\t<\/div>\n\t\t<\/section>\n\t\t\t\t<section class=\"elementor-section elementor-top-section elementor-element elementor-element-3558efd3 elementor-section-boxed elementor-section-height-default elementor-section-height-default\" data-id=\"3558efd3\" data-element_type=\"section\" data-e-type=\"section\" data-settings=\"{&quot;background_background&quot;:&quot;classic&quot;}\">\n\t\t\t\t\t\t<div class=\"elementor-container elementor-column-gap-default\">\n\t\t\t\t\t<div class=\"elementor-column elementor-col-100 elementor-top-column elementor-element elementor-element-5d0affd4\" data-id=\"5d0affd4\" data-element_type=\"column\" data-e-type=\"column\">\n\t\t\t<div class=\"elementor-widget-wrap elementor-element-populated\">\n\t\t\t\t\t\t<div class=\"elementor-element elementor-element-5a9ce1f0 elementor-widget elementor-widget-heading\" data-id=\"5a9ce1f0\" data-element_type=\"widget\" data-e-type=\"widget\" data-widget_type=\"heading.default\">\n\t\t\t\t<div class=\"elementor-widget-container\">\n\t\t\t\t\t<h2 class=\"elementor-heading-title elementor-size-large\">Privacy and marketing policy<\/h2>\t\t\t\t<\/div>\n\t\t\t\t<\/div>\n\t\t\t\t<div class=\"elementor-element elementor-element-3fcaed3c elementor-widget elementor-widget-text-editor\" data-id=\"3fcaed3c\" data-element_type=\"widget\" data-e-type=\"widget\" data-widget_type=\"text-editor.default\">\n\t\t\t\t<div class=\"elementor-widget-container\">\n\t\t\t\t\t\t\t\t\t<p class=\"translation-block\">This integrity and marketing policy (\u201cIntegrity Policy\u201d) describes how Be-Ge F\u00f6retagen AB, org. No. 556377-8298, Box 912, SE-572 29 Oskarshamn,<span style=\"text-decoration: underline\"><a href=\"\/en\/kontakta-moderbolaget\/\" target=\"_self\"> E-mail here with subsidiaries <\/a><\/span> (\u201cBe-Ge\u201d, \u201cwe\u201d) collect, use, transfer and store your personal information.<\/p>\t\t\t\t\t\t\t\t<\/div>\n\t\t\t\t<\/div>\n\t\t\t\t\t<\/div>\n\t\t<\/div>\n\t\t\t\t\t<\/div>\n\t\t<\/section>\n\t\t\t\t<section class=\"elementor-section elementor-top-section elementor-element elementor-element-70f022b9 elementor-section-boxed elementor-section-height-default elementor-section-height-default\" data-id=\"70f022b9\" data-element_type=\"section\" data-e-type=\"section\" data-settings=\"{&quot;background_background&quot;:&quot;classic&quot;}\">\n\t\t\t\t\t\t<div class=\"elementor-container elementor-column-gap-wider\">\n\t\t\t\t\t<div class=\"elementor-column elementor-col-50 elementor-top-column elementor-element elementor-element-28477496\" data-id=\"28477496\" data-element_type=\"column\" data-e-type=\"column\">\n\t\t\t<div class=\"elementor-widget-wrap elementor-element-populated\">\n\t\t\t\t\t\t<div class=\"elementor-element elementor-element-3dcffa4 elementor-widget elementor-widget-image\" data-id=\"3dcffa4\" data-element_type=\"widget\" data-e-type=\"widget\" data-widget_type=\"image.default\">\n\t\t\t\t<div class=\"elementor-widget-container\">\n\t\t\t\t\t\t\t\t\t\t\t\t\t\t\t<img fetchpriority=\"high\" decoding=\"async\" width=\"800\" height=\"533\" src=\"https:\/\/be-ge.se\/wp-content\/uploads\/2021\/12\/pexels-andrea-piacquadio-3760067_-1024x682.jpg\" class=\"attachment-large size-large wp-image-8860\" alt=\"Be-Ge Integritetspolicy\" srcset=\"https:\/\/be-ge.se\/wp-content\/uploads\/2021\/12\/pexels-andrea-piacquadio-3760067_-1024x682.jpg 1024w, https:\/\/be-ge.se\/wp-content\/uploads\/2021\/12\/pexels-andrea-piacquadio-3760067_-300x200.jpg 300w, https:\/\/be-ge.se\/wp-content\/uploads\/2021\/12\/pexels-andrea-piacquadio-3760067_-768x512.jpg 768w, https:\/\/be-ge.se\/wp-content\/uploads\/2021\/12\/pexels-andrea-piacquadio-3760067_-18x12.jpg 18w, https:\/\/be-ge.se\/wp-content\/uploads\/2021\/12\/pexels-andrea-piacquadio-3760067_.jpg 1400w\" sizes=\"(max-width: 800px) 100vw, 800px\" \/>\t\t\t\t\t\t\t\t\t\t\t\t\t\t\t<\/div>\n\t\t\t\t<\/div>\n\t\t\t\t\t<\/div>\n\t\t<\/div>\n\t\t\t\t<div class=\"elementor-column elementor-col-50 elementor-top-column elementor-element elementor-element-5999a65b\" data-id=\"5999a65b\" data-element_type=\"column\" data-e-type=\"column\">\n\t\t\t<div class=\"elementor-widget-wrap elementor-element-populated\">\n\t\t\t\t\t\t<div class=\"elementor-element elementor-element-1dd74e52 elementor-widget elementor-widget-heading\" data-id=\"1dd74e52\" data-element_type=\"widget\" data-e-type=\"widget\" data-widget_type=\"heading.default\">\n\t\t\t\t<div class=\"elementor-widget-container\">\n\t\t\t\t\t<h2 class=\"elementor-heading-title elementor-size-large\">Statistical purposes\n<\/h2>\t\t\t\t<\/div>\n\t\t\t\t<\/div>\n\t\t\t\t<div class=\"elementor-element elementor-element-6465bdd3 elementor-widget elementor-widget-text-editor\" data-id=\"6465bdd3\" data-element_type=\"widget\" data-e-type=\"widget\" data-widget_type=\"text-editor.default\">\n\t\t\t\t<div class=\"elementor-widget-container\">\n\t\t\t\t\t\t\t\t\t<p>In principle, you may visit Be-Ge\u2019s websites without telling us who you are. All we know is the name of your ISP (Internet Service Provider), which website you came from and which of our web sites you visit. This information is evaluated for statistical purposes. As an individual user, you are anonymous.<\/p><p>You should always feel secure when you submit your personal information to us. This Integrity Policy describes how we ensure that your personal information is processed in accordance with the applicable privacy information regulation \u201cGDPR\u201d.<\/p>\t\t\t\t\t\t\t\t<\/div>\n\t\t\t\t<\/div>\n\t\t\t\t<div class=\"elementor-element elementor-element-335f61e elementor-widget elementor-widget-button\" data-id=\"335f61e\" data-element_type=\"widget\" data-e-type=\"widget\" data-widget_type=\"button.default\">\n\t\t\t\t<div class=\"elementor-widget-container\">\n\t\t\t\t\t\t\t\t\t<div class=\"elementor-button-wrapper\">\n\t\t\t\t\t<a class=\"elementor-button elementor-button-link elementor-size-sm\" href=\"https:\/\/media.be-ge.se\/?r=12474\">\n\t\t\t\t\t\t<span class=\"elementor-button-content-wrapper\">\n\t\t\t\t\t\t\t\t\t<span class=\"elementor-button-text\">Download our document here to read more<\/span>\n\t\t\t\t\t<\/span>\n\t\t\t\t\t<\/a>\n\t\t\t\t<\/div>\n\t\t\t\t\t\t\t\t<\/div>\n\t\t\t\t<\/div>\n\t\t\t\t\t<\/div>\n\t\t<\/div>\n\t\t\t\t\t<\/div>\n\t\t<\/section>\n\t\t\t\t<\/div>","protected":false},"excerpt":{"rendered":"<p>Be-Ge Integritetspolicy Integritetspolicyn g\u00e4ller d\u00e5 Be-Ge tillhandah\u00e5ller tj\u00e4nster och produkter i anslutning till k\u00f6p, service\u00e4renden och \u00f6vrig kontakt med Be-Ge, s\u00e5som bes\u00f6k, bes\u00f6k p\u00e5 webbplats o.dyl. Integritets- och marknadsf\u00f6ringspolicy Integritets- och marknadsf\u00f6ringspolicyn Denna policy avseende integritet och marknadsf\u00f6ring (\u201dIntegritetspolicy\u201d) beskriver hur Be-Ge F\u00f6retagen AB, org. nr 556377-8298, Box 912, SE-572 29 Oskarshamn, E-mail h\u00e4r med [&hellip;]<\/p>\n","protected":false},"author":7,"featured_media":0,"parent":0,"menu_order":0,"comment_status":"closed","ping_status":"closed","template":"","meta":{"_acf_changed":false,"footnotes":""},"class_list":["post-8069","page","type-page","status-publish","hentry"],"acf":[],"_links":{"self":[{"href":"https:\/\/be-ge.se\/en\/wp-json\/wp\/v2\/pages\/8069","targetHints":{"allow":["GET"]}}],"collection":[{"href":"https:\/\/be-ge.se\/en\/wp-json\/wp\/v2\/pages"}],"about":[{"href":"https:\/\/be-ge.se\/en\/wp-json\/wp\/v2\/types\/page"}],"author":[{"embeddable":true,"href":"https:\/\/be-ge.se\/en\/wp-json\/wp\/v2\/users\/7"}],"replies":[{"embeddable":true,"href":"https:\/\/be-ge.se\/en\/wp-json\/wp\/v2\/comments?post=8069"}],"version-history":[{"count":0,"href":"https:\/\/be-ge.se\/en\/wp-json\/wp\/v2\/pages\/8069\/revisions"}],"wp:attachment":[{"href":"https:\/\/be-ge.se\/en\/wp-json\/wp\/v2\/media?parent=8069"}],"curies":[{"name":"wp","href":"https:\/\/api.w.org\/{rel}","templated":true}]}}