{"id":8053,"date":"2021-10-13T17:26:40","date_gmt":"2021-10-13T15:26:40","guid":{"rendered":"http:\/\/be-ge.se\/?page_id=8053"},"modified":"2025-10-01T11:48:17","modified_gmt":"2025-10-01T09:48:17","slug":"be-ge-hallbarhetsrapport","status":"publish","type":"page","link":"https:\/\/be-ge.se\/en\/be-ge-hallbarhetsrapport\/","title":{"rendered":"Sustainability Report for the Be-Ge Group"},"content":{"rendered":"<div data-elementor-type=\"wp-page\" data-elementor-id=\"8053\" class=\"elementor elementor-8053\" data-elementor-post-type=\"page\">\n\t\t\t\t\t\t<section class=\"elementor-section elementor-top-section elementor-element elementor-element-6065c86d elementor-section-boxed elementor-section-height-default elementor-section-height-default\" data-id=\"6065c86d\" data-element_type=\"section\" data-e-type=\"section\">\n\t\t\t\t\t\t<div class=\"elementor-container elementor-column-gap-default\">\n\t\t\t\t\t<div class=\"elementor-column elementor-col-50 elementor-top-column elementor-element elementor-element-6a2cd173\" data-id=\"6a2cd173\" data-element_type=\"column\" data-e-type=\"column\">\n\t\t\t<div class=\"elementor-widget-wrap elementor-element-populated\">\n\t\t\t\t\t\t<div class=\"elementor-element elementor-element-5b128bc7 elementor-widget elementor-widget-heading\" data-id=\"5b128bc7\" data-element_type=\"widget\" data-e-type=\"widget\" data-widget_type=\"heading.default\">\n\t\t\t\t<div class=\"elementor-widget-container\">\n\t\t\t\t\t<h1 class=\"elementor-heading-title elementor-size-large\">Sustainability Report<br>for the Be-Ge Group<\/h1>\t\t\t\t<\/div>\n\t\t\t\t<\/div>\n\t\t\t\t\t<\/div>\n\t\t<\/div>\n\t\t\t\t<div class=\"elementor-column elementor-col-50 elementor-top-column elementor-element elementor-element-1182b0e9\" data-id=\"1182b0e9\" data-element_type=\"column\" data-e-type=\"column\">\n\t\t\t<div class=\"elementor-widget-wrap elementor-element-populated\">\n\t\t\t\t\t\t<div class=\"elementor-element elementor-element-30e79987 elementor-widget elementor-widget-text-editor\" data-id=\"30e79987\" data-element_type=\"widget\" data-e-type=\"widget\" data-widget_type=\"text-editor.default\">\n\t\t\t\t<div class=\"elementor-widget-container\">\n\t\t\t\t\t\t\t\t\t<p>After being in business for more than 85 years, the Group presented its first Sustainability Report for the financial year 2019-20.<\/p>\t\t\t\t\t\t\t\t<\/div>\n\t\t\t\t<\/div>\n\t\t\t\t\t<\/div>\n\t\t<\/div>\n\t\t\t\t\t<\/div>\n\t\t<\/section>\n\t\t\t\t<section class=\"elementor-section elementor-top-section elementor-element elementor-element-43134b34 elementor-section-full_width elementor-section-height-min-height elementor-section-height-default elementor-section-items-middle\" data-id=\"43134b34\" data-element_type=\"section\" data-e-type=\"section\" data-settings=\"{&quot;background_background&quot;:&quot;classic&quot;}\">\n\t\t\t\t\t\t\t<div class=\"elementor-background-overlay\"><\/div>\n\t\t\t\t\t\t\t<div class=\"elementor-container elementor-column-gap-default\">\n\t\t\t\t\t<div class=\"elementor-column elementor-col-100 elementor-top-column elementor-element elementor-element-4ede6dce\" data-id=\"4ede6dce\" data-element_type=\"column\" data-e-type=\"column\">\n\t\t\t<div class=\"elementor-widget-wrap\">\n\t\t\t\t\t\t\t<\/div>\n\t\t<\/div>\n\t\t\t\t\t<\/div>\n\t\t<\/section>\n\t\t\t\t<section class=\"elementor-section elementor-top-section elementor-element elementor-element-4fcca52a elementor-section-boxed elementor-section-height-default elementor-section-height-default\" data-id=\"4fcca52a\" data-element_type=\"section\" data-e-type=\"section\">\n\t\t\t\t\t\t<div class=\"elementor-container elementor-column-gap-default\">\n\t\t\t\t\t<div class=\"elementor-column elementor-col-50 elementor-top-column elementor-element elementor-element-51ce653\" data-id=\"51ce653\" data-element_type=\"column\" data-e-type=\"column\">\n\t\t\t<div class=\"elementor-widget-wrap elementor-element-populated\">\n\t\t\t\t\t\t<div class=\"elementor-element elementor-element-6dce364 elementor-widget elementor-widget-image\" data-id=\"6dce364\" data-element_type=\"widget\" data-e-type=\"widget\" data-widget_type=\"image.default\">\n\t\t\t\t<div class=\"elementor-widget-container\">\n\t\t\t\t\t\t\t\t\t\t\t\t\t\t\t<img fetchpriority=\"high\" decoding=\"async\" width=\"800\" height=\"534\" src=\"https:\/\/be-ge.se\/wp-content\/uploads\/2025\/04\/8.5x11x0.25-MAG03-kopiera_en.webp\" class=\"attachment-large size-large wp-image-18539\" alt=\"\" srcset=\"https:\/\/be-ge.se\/wp-content\/uploads\/2025\/04\/8.5x11x0.25-MAG03-kopiera_en.webp 1000w, https:\/\/be-ge.se\/wp-content\/uploads\/2025\/04\/8.5x11x0.25-MAG03-kopiera_en-300x200.webp 300w, https:\/\/be-ge.se\/wp-content\/uploads\/2025\/04\/8.5x11x0.25-MAG03-kopiera_en-768x512.webp 768w, https:\/\/be-ge.se\/wp-content\/uploads\/2025\/04\/8.5x11x0.25-MAG03-kopiera_en-18x12.webp 18w\" sizes=\"(max-width: 800px) 100vw, 800px\" \/>\t\t\t\t\t\t\t\t\t\t\t\t\t\t\t<\/div>\n\t\t\t\t<\/div>\n\t\t\t\t<div class=\"elementor-element elementor-element-98feac8 elementor-widget elementor-widget-text-editor\" data-id=\"98feac8\" data-element_type=\"widget\" data-e-type=\"widget\" data-widget_type=\"text-editor.default\">\n\t\t\t\t<div class=\"elementor-widget-container\">\n\t\t\t\t\t\t\t\t\t<p style=\"text-align: center;\"><span style=\"text-decoration: underline;\"><a href=\"https:\/\/issuu.com\/be-ge\/docs\/h_llbarhetsrapport_2024_2fc062d0ec11f3?fr=sM2FlMjg1NTIzODk\" target=\"_blank\" rel=\"noopener\">Read our Sustainability Report here<\/a><\/span> <i class=\"fas fa-external-link-alt\"><\/i><\/p>\t\t\t\t\t\t\t\t<\/div>\n\t\t\t\t<\/div>\n\t\t\t\t\t<\/div>\n\t\t<\/div>\n\t\t\t\t<div class=\"elementor-column elementor-col-50 elementor-top-column elementor-element elementor-element-4b3018e7\" data-id=\"4b3018e7\" data-element_type=\"column\" data-e-type=\"column\">\n\t\t\t<div class=\"elementor-widget-wrap elementor-element-populated\">\n\t\t\t\t\t\t<div class=\"elementor-element elementor-element-66686b0 elementor-widget elementor-widget-heading\" data-id=\"66686b0\" data-element_type=\"widget\" data-e-type=\"widget\" data-widget_type=\"heading.default\">\n\t\t\t\t<div class=\"elementor-widget-container\">\n\t\t\t\t\t<h2 class=\"elementor-heading-title elementor-size-default\">Sustainability Report 2024<\/h2>\t\t\t\t<\/div>\n\t\t\t\t<\/div>\n\t\t\t\t<div class=\"elementor-element elementor-element-45fb97e3 elementor-widget elementor-widget-text-editor\" data-id=\"45fb97e3\" data-element_type=\"widget\" data-e-type=\"widget\" data-widget_type=\"text-editor.default\">\n\t\t\t\t<div class=\"elementor-widget-container\">\n\t\t\t\t\t\t\t\t\t<p>The report describes the Group\u2019s objectives within the various sustainability areas of environment, social factors and personnel, human rights and corruption. The report also presents the risks and impacts of operations in relation to these areas.<\/p><p>Be-Ge F\u00f6retagen AB\u2019s and its subsidiaries\u2019 most important objectives are to create added value for customers, partners, employees and owners. Responsibility for the environment, social responsibility and personnel, human rights and business ethics that combat corruption are, therefore, an important part of achieving the goals without conflicting with the Group\u2019s ambitions for sustainable development.<\/p>\t\t\t\t\t\t\t\t<\/div>\n\t\t\t\t<\/div>\n\t\t\t\t<div class=\"elementor-element elementor-element-6db07eb elementor-widget elementor-widget-button\" data-id=\"6db07eb\" data-element_type=\"widget\" data-e-type=\"widget\" data-widget_type=\"button.default\">\n\t\t\t\t<div class=\"elementor-widget-container\">\n\t\t\t\t\t\t\t\t\t<div class=\"elementor-button-wrapper\">\n\t\t\t\t\t<a class=\"elementor-button elementor-button-link elementor-size-sm\" href=\"https:\/\/media.be-ge.se\/?r=15485\" target=\"_blank\">\n\t\t\t\t\t\t<span class=\"elementor-button-content-wrapper\">\n\t\t\t\t\t\t\t\t\t<span class=\"elementor-button-text\">Download our Sustainability Report here to read more<\/span>\n\t\t\t\t\t<\/span>\n\t\t\t\t\t<\/a>\n\t\t\t\t<\/div>\n\t\t\t\t\t\t\t\t<\/div>\n\t\t\t\t<\/div>\n\t\t\t\t\t<\/div>\n\t\t<\/div>\n\t\t\t\t\t<\/div>\n\t\t<\/section>\n\t\t\t\t<\/div>","protected":false},"excerpt":{"rendered":"<p>H\u00e5llbarhetsrapportf\u00f6r Be-Ge koncernen Koncernen varit verksam i mer \u00e4n 85 \u00e5r och under verksamhets\u00e5ret 2019-20 togs koncernens f\u00f6rsta h\u00e5llbarhetsredovisning fram. L\u00e4s v\u00e5r h\u00e5llbarhetsrapport h\u00e4r H\u00e5llbarhetsrapport 2024 Rapporten beskriver koncernens m\u00e5ls\u00e4ttning inom de olika h\u00e5llbarhetsomr\u00e5dena milj\u00f6, sociala faktorer och personal, m\u00e4nskliga r\u00e4ttigheter och korruption. H\u00e4rut\u00f6ver redovisas \u00e4ven verksamhetens risker och p\u00e5verkan i f\u00f6rh\u00e5llande till dessa omr\u00e5den. [&hellip;]<\/p>\n","protected":false},"author":7,"featured_media":0,"parent":0,"menu_order":0,"comment_status":"closed","ping_status":"closed","template":"","meta":{"_acf_changed":false,"footnotes":""},"class_list":["post-8053","page","type-page","status-publish","hentry"],"acf":[],"_links":{"self":[{"href":"https:\/\/be-ge.se\/en\/wp-json\/wp\/v2\/pages\/8053","targetHints":{"allow":["GET"]}}],"collection":[{"href":"https:\/\/be-ge.se\/en\/wp-json\/wp\/v2\/pages"}],"about":[{"href":"https:\/\/be-ge.se\/en\/wp-json\/wp\/v2\/types\/page"}],"author":[{"embeddable":true,"href":"https:\/\/be-ge.se\/en\/wp-json\/wp\/v2\/users\/7"}],"replies":[{"embeddable":true,"href":"https:\/\/be-ge.se\/en\/wp-json\/wp\/v2\/comments?post=8053"}],"version-history":[{"count":0,"href":"https:\/\/be-ge.se\/en\/wp-json\/wp\/v2\/pages\/8053\/revisions"}],"wp:attachment":[{"href":"https:\/\/be-ge.se\/en\/wp-json\/wp\/v2\/media?parent=8053"}],"curies":[{"name":"wp","href":"https:\/\/api.w.org\/{rel}","templated":true}]}}