{"id":7985,"date":"2021-10-13T14:30:31","date_gmt":"2021-10-13T12:30:31","guid":{"rendered":"http:\/\/be-ge.se\/?page_id=7985"},"modified":"2025-05-19T15:28:02","modified_gmt":"2025-05-19T13:28:02","slug":"resultat","status":"publish","type":"page","link":"https:\/\/be-ge.se\/en\/resultat\/","title":{"rendered":"Financial Result"},"content":{"rendered":"<div data-elementor-type=\"wp-page\" data-elementor-id=\"7985\" class=\"elementor elementor-7985\" data-elementor-post-type=\"page\">\n\t\t\t\t\t\t<section class=\"elementor-section elementor-top-section elementor-element elementor-element-b0a7622 elementor-section-content-middle elementor-section-boxed elementor-section-height-default elementor-section-height-default\" data-id=\"b0a7622\" data-element_type=\"section\" data-e-type=\"section\">\n\t\t\t\t\t\t<div class=\"elementor-container elementor-column-gap-default\">\n\t\t\t\t\t<div class=\"elementor-column elementor-col-50 elementor-top-column elementor-element elementor-element-3287bc52\" data-id=\"3287bc52\" data-element_type=\"column\" data-e-type=\"column\">\n\t\t\t<div class=\"elementor-widget-wrap elementor-element-populated\">\n\t\t\t\t\t\t<div class=\"elementor-element elementor-element-f44acbb elementor-widget elementor-widget-heading\" data-id=\"f44acbb\" data-element_type=\"widget\" data-e-type=\"widget\" data-widget_type=\"heading.default\">\n\t\t\t\t<div class=\"elementor-widget-container\">\n\t\t\t\t\t<h1 class=\"elementor-heading-title elementor-size-large\">Result 2024\n<\/h1>\t\t\t\t<\/div>\n\t\t\t\t<\/div>\n\t\t\t\t\t<\/div>\n\t\t<\/div>\n\t\t\t\t<div class=\"elementor-column elementor-col-50 elementor-top-column elementor-element elementor-element-44ae3aba\" data-id=\"44ae3aba\" data-element_type=\"column\" data-e-type=\"column\">\n\t\t\t<div class=\"elementor-widget-wrap elementor-element-populated\">\n\t\t\t\t\t\t<div class=\"elementor-element elementor-element-4c35cc56 elementor-widget elementor-widget-text-editor\" data-id=\"4c35cc56\" data-element_type=\"widget\" data-e-type=\"widget\" data-widget_type=\"text-editor.default\">\n\t\t\t\t<div class=\"elementor-widget-container\">\n\t\t\t\t\t\t\t\t\t<p>The Be-Ge Group is a family-owned group of companies with operations in Sweden, Denmark, United Kingdom, Lithuania, the Netherlands, Germany and Belgium.\u00a0<strong>Be-Ge Seating<\/strong> <strong>Division<\/strong>, <strong><br> Be-Ge Component<\/strong> <strong>Division<\/strong> and\u00a0<strong>Be-Ge Vehicle<\/strong>\u00a0<strong>Division<\/strong>.<\/p>\t\t\t\t\t\t\t\t<\/div>\n\t\t\t\t<\/div>\n\t\t\t\t\t<\/div>\n\t\t<\/div>\n\t\t\t\t\t<\/div>\n\t\t<\/section>\n\t\t\t\t<section class=\"elementor-section elementor-top-section elementor-element elementor-element-1460fc34 elementor-section-full_width elementor-section-height-min-height elementor-section-height-default elementor-section-items-middle\" data-id=\"1460fc34\" data-element_type=\"section\" data-e-type=\"section\" data-settings=\"{&quot;background_background&quot;:&quot;classic&quot;}\">\n\t\t\t\t\t\t\t<div class=\"elementor-background-overlay\"><\/div>\n\t\t\t\t\t\t\t<div class=\"elementor-container elementor-column-gap-default\">\n\t\t\t\t\t<div class=\"elementor-column elementor-col-100 elementor-top-column elementor-element elementor-element-31b9d4f9\" data-id=\"31b9d4f9\" data-element_type=\"column\" data-e-type=\"column\">\n\t\t\t<div class=\"elementor-widget-wrap elementor-element-populated\">\n\t\t\t\t\t\t<section class=\"elementor-section elementor-inner-section elementor-element elementor-element-6bc95d42 elementor-section-boxed elementor-section-height-default elementor-section-height-default\" data-id=\"6bc95d42\" data-element_type=\"section\" data-e-type=\"section\">\n\t\t\t\t\t\t<div class=\"elementor-container elementor-column-gap-default\">\n\t\t\t\t\t<div class=\"elementor-column elementor-col-100 elementor-inner-column elementor-element elementor-element-14d8b2d3\" data-id=\"14d8b2d3\" data-element_type=\"column\" data-e-type=\"column\">\n\t\t\t<div class=\"elementor-widget-wrap elementor-element-populated\">\n\t\t\t\t\t\t<div class=\"elementor-element elementor-element-3feb3ec7 elementor-widget elementor-widget-heading\" data-id=\"3feb3ec7\" data-element_type=\"widget\" data-e-type=\"widget\" data-widget_type=\"heading.default\">\n\t\t\t\t<div class=\"elementor-widget-container\">\n\t\t\t\t\t<h1 class=\"elementor-heading-title elementor-size-large\">Net turnover<\/h1>\t\t\t\t<\/div>\n\t\t\t\t<\/div>\n\t\t\t\t\t<\/div>\n\t\t<\/div>\n\t\t\t\t\t<\/div>\n\t\t<\/section>\n\t\t\t\t\t<\/div>\n\t\t<\/div>\n\t\t\t\t\t<\/div>\n\t\t<\/section>\n\t\t\t\t<section class=\"elementor-section elementor-top-section elementor-element elementor-element-9e25a5a elementor-section-boxed elementor-section-height-default elementor-section-height-default\" data-id=\"9e25a5a\" data-element_type=\"section\" data-e-type=\"section\">\n\t\t\t\t\t\t<div class=\"elementor-container elementor-column-gap-default\">\n\t\t\t\t\t<div class=\"elementor-column elementor-col-100 elementor-top-column elementor-element elementor-element-70a0f80\" data-id=\"70a0f80\" data-element_type=\"column\" data-e-type=\"column\">\n\t\t\t<div class=\"elementor-widget-wrap elementor-element-populated\">\n\t\t\t\t\t\t<div class=\"elementor-element elementor-element-361b0a4 elementor-widget elementor-widget-heading\" data-id=\"361b0a4\" data-element_type=\"widget\" data-e-type=\"widget\" data-widget_type=\"heading.default\">\n\t\t\t\t<div class=\"elementor-widget-container\">\n\t\t\t\t\t<h2 class=\"elementor-heading-title elementor-size-large\">Net turnover 2024<\/h2>\t\t\t\t<\/div>\n\t\t\t\t<\/div>\n\t\t\t\t<div class=\"elementor-element elementor-element-c15f497 elementor-widget elementor-widget-text-editor\" data-id=\"c15f497\" data-element_type=\"widget\" data-e-type=\"widget\" data-widget_type=\"text-editor.default\">\n\t\t\t\t<div class=\"elementor-widget-container\">\n\t\t\t\t\t\t\t\t\t<h5>\u00a0<\/h5><table style=\"height: 409px;\" border=\"0\" width=\"380\" cellspacing=\"0\" cellpadding=\"0\"><tbody><tr><td valign=\"top\">\u00a0<\/td><td valign=\"top\"><span style=\"color: #004069;\"><strong>2024<\/strong><\/span><\/td><td valign=\"top\"><span style=\"color: #004069;\"><strong>2023<\/strong><\/span><\/td><td valign=\"top\"><span style=\"color: #004069;\"><strong>2022 *)<\/strong><\/span><\/td><\/tr><tr><td valign=\"top\"><strong><span style=\"color: #004069;\">PROFIT ITEMS<\/span><\/strong><\/td><td valign=\"top\">\u00a0<\/td><td valign=\"top\">\u00a0<\/td><td valign=\"top\">\u00a0<\/td><\/tr><tr><td valign=\"top\"><span style=\"color: #004069;\"><strong>Net turnover<\/strong><\/span><\/td><td valign=\"top\">1 395 466<\/td><td valign=\"top\">\u00a01 504 596<\/td><td valign=\"top\"><span style=\"font-size: 16.2px;\">1 379 345<\/span><\/td><\/tr><tr><td valign=\"top\"><span style=\"color: #004069;\"><strong>Operating profit<\/strong><\/span><\/td><td valign=\"top\">106 650<\/td><td valign=\"top\">\u00a0128 039<\/td><td valign=\"top\">85 176<\/td><\/tr><tr><td valign=\"top\"><span style=\"color: #004069;\"><strong>Profit after net financial items<\/strong><\/span><\/td><td valign=\"top\">115 264<\/td><td valign=\"top\">\u00a0133 785<\/td><td valign=\"top\">89 135<\/td><\/tr><tr><td valign=\"top\"><span style=\"color: #004069;\"><strong>Results for the year<\/strong><\/span><\/td><td valign=\"top\"><strong>91 758<\/strong><\/td><td valign=\"top\"><b>\u00a0105 890<\/b><\/td><td valign=\"top\"><b>70 164<\/b><\/td><\/tr><tr><td valign=\"top\"><strong><br \/><span style=\"color: #004069;\">KEY RATIOS<\/span><\/strong><\/td><td valign=\"top\">\u00a0<\/td><td valign=\"top\">\u00a0<\/td><td valign=\"top\">\u00a0<\/td><\/tr><tr><td valign=\"top\"><span style=\"color: #004069;\"><strong>Profit margin, %<\/strong><\/span><\/td><td valign=\"top\">8,3<\/td><td valign=\"top\">\u00a08,9<\/td><td valign=\"top\"><span style=\"font-size: 16.2px;\">6,5<\/span><\/td><\/tr><tr><td valign=\"top\"><span style=\"color: #004069;\"><strong>Return on active capital, %<\/strong><\/span><\/td><td valign=\"top\">13,7<\/td><td valign=\"top\">\u00a017,9<\/td><td valign=\"top\"><span style=\"font-size: 16.2px;\">13,6<\/span><\/td><\/tr><tr><td valign=\"top\"><span style=\"color: #004069;\"><strong>Return on equity, %<\/strong><\/span><\/td><td valign=\"top\">11,2<\/td><td valign=\"top\">\u00a014,5<\/td><td valign=\"top\"><span style=\"font-size: 16.2px;\">10,6<\/span><\/td><\/tr><tr><td valign=\"top\"><span style=\"color: #004069;\"><strong>Equity ratio, %<\/strong><\/span><\/td><td valign=\"top\">82,4<\/td><td valign=\"top\">\u00a080,6<\/td><td valign=\"top\">76,4<\/td><\/tr><tr><td valign=\"top\"><span style=\"color: #004069;\"><strong>Investments, SEK thousands<\/strong><\/span><\/td><td valign=\"top\">\u00a049 595<\/td><td valign=\"top\">41 792<\/td><td valign=\"top\">51 009<\/td><\/tr><\/tbody><\/table>\t\t\t\t\t\t\t\t<\/div>\n\t\t\t\t<\/div>\n\t\t\t\t\t<\/div>\n\t\t<\/div>\n\t\t\t\t\t<\/div>\n\t\t<\/section>\n\t\t\t\t<section class=\"elementor-section elementor-top-section elementor-element elementor-element-c95aea8 elementor-section-boxed elementor-section-height-default elementor-section-height-default\" data-id=\"c95aea8\" data-element_type=\"section\" data-e-type=\"section\">\n\t\t\t\t\t\t<div class=\"elementor-container elementor-column-gap-default\">\n\t\t\t\t\t<div class=\"elementor-column elementor-col-100 elementor-top-column elementor-element elementor-element-32892f1\" data-id=\"32892f1\" data-element_type=\"column\" data-e-type=\"column\">\n\t\t\t<div class=\"elementor-widget-wrap elementor-element-populated\">\n\t\t\t\t\t\t<div class=\"elementor-element elementor-element-aacaa8d elementor-widget elementor-widget-text-editor\" data-id=\"aacaa8d\" data-element_type=\"widget\" data-e-type=\"widget\" data-widget_type=\"text-editor.default\">\n\t\t\t\t<div class=\"elementor-widget-container\">\n\t\t\t\t\t\t\t\t\t<p>*) 2022 has been converted to 12 months and covers the period 01\/01\/2022 \u2013 31\/12\/2022.<\/p>\t\t\t\t\t\t\t\t<\/div>\n\t\t\t\t<\/div>\n\t\t\t\t\t<\/div>\n\t\t<\/div>\n\t\t\t\t\t<\/div>\n\t\t<\/section>\n\t\t\t\t<section class=\"elementor-section elementor-top-section elementor-element elementor-element-60e7246 elementor-section-boxed elementor-section-height-default elementor-section-height-default\" data-id=\"60e7246\" data-element_type=\"section\" data-e-type=\"section\">\n\t\t\t\t\t\t<div class=\"elementor-container elementor-column-gap-default\">\n\t\t\t\t\t<div class=\"elementor-column elementor-col-100 elementor-top-column elementor-element elementor-element-d8c7256\" data-id=\"d8c7256\" data-element_type=\"column\" data-e-type=\"column\">\n\t\t\t<div class=\"elementor-widget-wrap elementor-element-populated\">\n\t\t\t\t\t\t<div class=\"elementor-element elementor-element-80d295b elementor-widget elementor-widget-heading\" data-id=\"80d295b\" data-element_type=\"widget\" data-e-type=\"widget\" data-widget_type=\"heading.default\">\n\t\t\t\t<div class=\"elementor-widget-container\">\n\t\t\t\t\t<h2 class=\"elementor-heading-title elementor-size-large\">Definitions<\/h2>\t\t\t\t<\/div>\n\t\t\t\t<\/div>\n\t\t\t\t\t<\/div>\n\t\t<\/div>\n\t\t\t\t\t<\/div>\n\t\t<\/section>\n\t\t\t\t<section class=\"elementor-section elementor-top-section elementor-element elementor-element-908c105 elementor-section-boxed elementor-section-height-default elementor-section-height-default\" data-id=\"908c105\" data-element_type=\"section\" data-e-type=\"section\">\n\t\t\t\t\t\t<div class=\"elementor-container elementor-column-gap-default\">\n\t\t\t\t\t<div class=\"elementor-column elementor-col-100 elementor-top-column elementor-element elementor-element-6d4f984\" data-id=\"6d4f984\" data-element_type=\"column\" data-e-type=\"column\">\n\t\t\t<div class=\"elementor-widget-wrap elementor-element-populated\">\n\t\t\t\t\t\t<div class=\"elementor-element elementor-element-3668799 elementor-widget elementor-widget-text-editor\" data-id=\"3668799\" data-element_type=\"widget\" data-e-type=\"widget\" data-widget_type=\"text-editor.default\">\n\t\t\t\t<div class=\"elementor-widget-container\">\n\t\t\t\t\t\t\t\t\t<p><strong>Profit marginal<\/strong><br \/>Profit after net financial items \/ Invoiced sales Active capital<\/p><p><strong>Active capital<\/strong><br \/>Balanced sheet total \u2013 Zero-interest short-term debts<\/p><p><strong>Return on active capital<\/strong><br \/>(Profit after financial items + Financial expenses) \/<br \/>Average active capital<\/p><p><strong>Return on active capital<br \/><\/strong>Profit for the year \/ Average equity<\/p><p><strong>Equity<\/strong><br \/>Adjusted equity \/ Total capital<\/p><p><strong>Financial year<br \/><\/strong>The period 1\/1 - 31\/12<\/p>\t\t\t\t\t\t\t\t<\/div>\n\t\t\t\t<\/div>\n\t\t\t\t\t<\/div>\n\t\t<\/div>\n\t\t\t\t\t<\/div>\n\t\t<\/section>\n\t\t\t\t<\/div>","protected":false},"excerpt":{"rendered":"<p>Resultat 2024 Be-Ge Koncernen \u00e4r en familje\u00e4gd f\u00f6retagsgrupp med verksamhet i Sverige, Danmark, Storbritannien, Litauen, Nederl\u00e4nderna, Tyskland och Belgien. Koncernen omfattar aff\u00e4rsomr\u00e5dena\u00a0Be-Ge Seating Division, Be-Ge Component Division och\u00a0Be-Ge Vehicle\u00a0Division. Fakturerad f\u00f6rs\u00e4ljning Fakturerad f\u00f6rs\u00e4ljning 2024 \u00a0 \u00a0 2024 2023 2022 *) RESULTAT POSTER \u00a0 \u00a0 \u00a0 Fakturerad f\u00f6rs\u00e4ljning 1 395 466 \u00a01 504 596 1 379 [&hellip;]<\/p>\n","protected":false},"author":7,"featured_media":0,"parent":0,"menu_order":0,"comment_status":"closed","ping_status":"closed","template":"","meta":{"_acf_changed":false,"footnotes":""},"class_list":["post-7985","page","type-page","status-publish","hentry"],"acf":[],"_links":{"self":[{"href":"https:\/\/be-ge.se\/en\/wp-json\/wp\/v2\/pages\/7985","targetHints":{"allow":["GET"]}}],"collection":[{"href":"https:\/\/be-ge.se\/en\/wp-json\/wp\/v2\/pages"}],"about":[{"href":"https:\/\/be-ge.se\/en\/wp-json\/wp\/v2\/types\/page"}],"author":[{"embeddable":true,"href":"https:\/\/be-ge.se\/en\/wp-json\/wp\/v2\/users\/7"}],"replies":[{"embeddable":true,"href":"https:\/\/be-ge.se\/en\/wp-json\/wp\/v2\/comments?post=7985"}],"version-history":[{"count":0,"href":"https:\/\/be-ge.se\/en\/wp-json\/wp\/v2\/pages\/7985\/revisions"}],"wp:attachment":[{"href":"https:\/\/be-ge.se\/en\/wp-json\/wp\/v2\/media?parent=7985"}],"curies":[{"name":"wp","href":"https:\/\/api.w.org\/{rel}","templated":true}]}}