{"id":16500,"date":"2024-09-25T10:18:00","date_gmt":"2024-09-25T08:18:00","guid":{"rendered":"https:\/\/be-ge.se\/?page_id=16500"},"modified":"2024-09-25T10:23:30","modified_gmt":"2024-09-25T08:23:30","slug":"ansok-lia-hos-be-ge-it","status":"publish","type":"page","link":"https:\/\/be-ge.se\/en\/ansok-lia-hos-be-ge-it\/","title":{"rendered":"Ans\u00f6k LIA hos Be-Ge IT"},"content":{"rendered":"\t\t<div data-elementor-type=\"wp-page\" data-elementor-id=\"16500\" class=\"elementor elementor-16500\" data-elementor-post-type=\"page\">\n\t\t\t\t\t\t<section class=\"elementor-section elementor-top-section elementor-element elementor-element-efe3482 elementor-section-boxed elementor-section-height-default elementor-section-height-default\" data-id=\"efe3482\" data-element_type=\"section\" data-e-type=\"section\">\n\t\t\t\t\t\t<div class=\"elementor-container elementor-column-gap-default\">\n\t\t\t\t\t<div class=\"elementor-column elementor-col-100 elementor-top-column elementor-element elementor-element-d4947da\" data-id=\"d4947da\" data-element_type=\"column\" data-e-type=\"column\">\n\t\t\t<div class=\"elementor-widget-wrap elementor-element-populated\">\n\t\t\t\t\t\t<div class=\"elementor-element elementor-element-5fa03ea elementor-widget elementor-widget-shortcode\" data-id=\"5fa03ea\" data-element_type=\"widget\" data-e-type=\"widget\" data-widget_type=\"shortcode.default\">\n\t\t\t\t<div class=\"elementor-widget-container\">\n\t\t\t\t\t\t\t<div class=\"elementor-shortcode\"><form class=\"af-form acf-form\" method=\"POST\" action=\"https:\/\/be-ge.se\/en\/wp-json\/wp\/v2\/pages\/16500\" id=\"form_66f3160c9f944\" data-key=\"form_66f3160c9f944\" data-recaptcha-site-key=\"6LeBJ4QeAAAAAJGS3mT8iZOddbWzfkShfj4pDyek\"><div class=\"af-fields acf-fields acf-form-fields -top\">\t<div id=\"acf-form-data\" class=\"acf-hidden\">\n\t\t<input type=\"hidden\" id=\"_acf_screen\" name=\"_acf_screen\" value=\"acf_form\"\/><input type=\"hidden\" id=\"_acf_post_id\" name=\"_acf_post_id\" value=\"0\"\/><input type=\"hidden\" id=\"_acf_validation\" name=\"_acf_validation\" value=\"1\"\/><input type=\"hidden\" id=\"_acf_form\" name=\"_acf_form\" value=\"0\"\/><input type=\"hidden\" id=\"_acf_nonce\" name=\"_acf_nonce\" value=\"5d39a46d15\"\/><input type=\"hidden\" id=\"_acf_changed\" name=\"_acf_changed\" value=\"0\"\/>\t<\/div>\n\t<div class=\"acf-hidden\"><input type=\"hidden\" name=\"_acfnonce\" value=\"d0adaedfb5\"><input type=\"hidden\" name=\"nonce\" value=\"d0adaedfb5\"><input type=\"hidden\" name=\"af_form\" value=\"form_66f3160c9f944\"><input type=\"hidden\" name=\"af_form_args\" value=\"eyJhamF4IjpmYWxzZSwiZGlzcGxheV90aXRsZSI6ZmFsc2UsImRpc3BsYXlfZGVzY3JpcHRpb24iOmZhbHNlLCJpZCI6ImZvcm1fNjZmMzE2MGM5Zjk0NCIsInZhbHVlcyI6W10sInN1Ym1pdF90ZXh0IjoiU3VibWl0IiwicmVkaXJlY3QiOm51bGwsInRhcmdldCI6Imh0dHBzOlwvXC9iZS1nZS5zZVwvZW5cL3dwLWpzb25cL3dwXC92MlwvcGFnZXNcLzE2NTAwIiwiZWNobyI6dHJ1ZSwiZXhjbHVkZV9maWVsZHMiOltdLCJ1cGxvYWRlciI6IndwIiwiZmlsdGVyX21vZGUiOmZhbHNlLCJsYWJlbF9wbGFjZW1lbnQiOiJ0b3AiLCJpbnN0cnVjdGlvbl9wbGFjZW1lbnQiOiJsYWJlbCIsImhvbmV5cG90Ijp0cnVlfQ==\"><input type=\"hidden\" name=\"_acf_form\" value=\"eyJhamF4IjpmYWxzZSwiZGlzcGxheV90aXRsZSI6ZmFsc2UsImRpc3BsYXlfZGVzY3JpcHRpb24iOmZhbHNlLCJpZCI6ImZvcm1fNjZmMzE2MGM5Zjk0NCIsInZhbHVlcyI6W10sInN1Ym1pdF90ZXh0IjoiU3VibWl0IiwicmVkaXJlY3QiOm51bGwsInRhcmdldCI6Imh0dHBzOlwvXC9iZS1nZS5zZVwvZW5cL3dwLWpzb25cL3dwXC92MlwvcGFnZXNcLzE2NTAwIiwiZWNobyI6dHJ1ZSwiZXhjbHVkZV9maWVsZHMiOltdLCJ1cGxvYWRlciI6IndwIiwiZmlsdGVyX21vZGUiOmZhbHNlLCJsYWJlbF9wbGFjZW1lbnQiOiJ0b3AiLCJpbnN0cnVjdGlvbl9wbGFjZW1lbnQiOiJsYWJlbCIsImhvbmV5cG90Ijp0cnVlfQ==\"><input type=\"hidden\" name=\"af_form_nonce\" value=\"19c8c3e342\"><label for=\"af_email_for_non_humans_form_66f3160c9f944\" aria-hidden=\"true\">Email for non-humans<\/label><input type=\"text\" name=\"email_for_non_humans\" id=\"af_email_for_non_humans_form_66f3160c9f944\" tabindex=\"-1\" autocomplete=\"off\" \/><input type=\"hidden\" name=\"af_origin_url\" value=\"https:\/\/be-ge.se\/en\/wp-json\/wp\/v2\/pages\/16500\" \/><\/div><div class=\"af-field af-field-type-text af-field-namn acf-field acf-field-text acf-field-66f316fe38fa7 af-field-required\" data-name=\"namn\" data-key=\"field_66f316fe38fa7\" data-type=\"text\"><div class=\"af-label acf-label\"><label for=\"acf-field_66f316fe38fa7\">Ditt namn <span class=\"acf-required\">*<\/span><\/label><\/div><div class=\"af-input acf-input\"><div class=\"acf-input-wrap\"><input type=\"text\" id=\"acf-field_66f316fe38fa7\" name=\"acf[field_66f316fe38fa7]\" required=\"required\"\/><\/div><\/div><\/div><div class=\"af-field af-field-type-text af-field-telefonnummer acf-field acf-field-text acf-field-66f316fe38fed af-field-required\" data-name=\"telefonnummer\" data-key=\"field_66f316fe38fed\" data-type=\"text\"><div class=\"af-label acf-label\"><label for=\"acf-field_66f316fe38fed\">Telefonnummer <span class=\"acf-required\">*<\/span><\/label><\/div><div class=\"af-input acf-input\"><div class=\"acf-input-wrap\"><input type=\"text\" id=\"acf-field_66f316fe38fed\" name=\"acf[field_66f316fe38fed]\" required=\"required\"\/><\/div><\/div><\/div><div class=\"af-field af-field-type-email af-field-e-post acf-field acf-field-email acf-field-66f316fe3902c af-field-required\" data-name=\"e-post\" data-key=\"field_66f316fe3902c\" data-type=\"email\"><div class=\"af-label acf-label\"><label for=\"acf-field_66f316fe3902c\">E-post <span class=\"acf-required\">*<\/span><\/label><\/div><div class=\"af-input acf-input\"><div class=\"acf-input-wrap\"><input type=\"email\" id=\"acf-field_66f316fe3902c\" name=\"acf[field_66f316fe3902c]\" required=\"required\"\/><\/div><\/div><\/div><div class=\"af-field af-field-type-text af-field-yh-utbildning-leverantor acf-field acf-field-text acf-field-66f316fe390d7 af-field-required\" data-name=\"yh-utbildning_leverantor\" data-key=\"field_66f316fe390d7\" data-type=\"text\"><div class=\"af-label acf-label\"><label for=\"acf-field_66f316fe390d7\">Yh-utbildning Leverant\u00f6r <span class=\"acf-required\">*<\/span><\/label><\/div><div class=\"af-input acf-input\"><div class=\"acf-input-wrap\"><input type=\"text\" id=\"acf-field_66f316fe390d7\" name=\"acf[field_66f316fe390d7]\" required=\"required\"\/><\/div><\/div><\/div><div class=\"af-field af-field-type-text af-field-utbildning acf-field acf-field-text acf-field-66f3172f13c61 af-field-required\" data-name=\"utbildning\" data-key=\"field_66f3172f13c61\" data-type=\"text\"><div class=\"af-label acf-label\"><label for=\"acf-field_66f3172f13c61\">Utbildning <span class=\"acf-required\">*<\/span><\/label><\/div><div class=\"af-input acf-input\"><div class=\"acf-input-wrap\"><input type=\"text\" id=\"acf-field_66f3172f13c61\" name=\"acf[field_66f3172f13c61]\" required=\"required\"\/><\/div><\/div><\/div><div class=\"af-field af-field-type-date-picker af-field-lia-fran acf-field acf-field-date-picker acf-field-66f3177013c62 af-field-required\" data-name=\"lia_fran\" data-key=\"field_66f3177013c62\" data-type=\"date_picker\"><div class=\"af-label acf-label\"><label for=\"acf-field_66f3177013c62\">LIA fr\u00e5n <span class=\"acf-required\">*<\/span><\/label><\/div><div class=\"af-input acf-input\">\t\t<div class=\"acf-date-picker acf-input-wrap\" data-date_format=\"dd\/mm\/yy\" data-first_day=\"1\">\n\t\t\t<input type=\"hidden\" id=\"acf-field_66f3177013c62\" name=\"acf[field_66f3177013c62]\" value=\"\"\/>\t\t\t<input type=\"text\" class=\"input\" value=\"\" data-default-to-today=\"0\"\/>\t\t<\/div>\n\t\t\t<\/div><\/div><div class=\"af-field af-field-type-date-picker af-field-lia-till acf-field acf-field-date-picker acf-field-66f3178613c63 af-field-required\" data-name=\"lia_till\" data-key=\"field_66f3178613c63\" data-type=\"date_picker\"><div class=\"af-label acf-label\"><label for=\"acf-field_66f3178613c63\">LIA till <span class=\"acf-required\">*<\/span><\/label><\/div><div class=\"af-input acf-input\">\t\t<div class=\"acf-date-picker acf-input-wrap\" data-date_format=\"dd\/mm\/yy\" data-first_day=\"1\">\n\t\t\t<input type=\"hidden\" id=\"acf-field_66f3178613c63\" name=\"acf[field_66f3178613c63]\" value=\"\"\/>\t\t\t<input type=\"text\" class=\"input\" value=\"\" data-default-to-today=\"0\"\/>\t\t<\/div>\n\t\t\t<\/div><\/div><div class=\"af-field af-field-type-textarea af-field-kort-presentation acf-field acf-field-textarea acf-field-66f316fe39118 af-field-required\" data-name=\"kort_presentation\" data-key=\"field_66f316fe39118\" data-type=\"textarea\"><div class=\"af-label acf-label\"><label for=\"acf-field_66f316fe39118\">Kort presentation <span class=\"acf-required\">*<\/span><\/label><\/div><div class=\"af-input acf-input\"><textarea id=\"acf-field_66f316fe39118\" name=\"acf[field_66f316fe39118]\" rows=\"6\" required=\"required\"><\/textarea><\/div><\/div><div class=\"af-field af-field-type-repeater af-field-file-upload acf-field acf-field-repeater acf-field-66f316fe39154 af-field-required\" data-name=\"file_upload\" data-key=\"field_66f316fe39154\" data-type=\"repeater\"><div class=\"af-label acf-label\"><label for=\"acf-field_66f316fe39154\">Ladda upp ditt CV <span class=\"acf-required\">*<\/span><\/label><p class=\"af-field-instructions -placement-label\">H\u00e4r kan du ladda upp en fil per rad. Format som st\u00f6ds \u00e4r JPEG, PDF och Doc.<\/p><\/div><div class=\"af-input acf-input\">\t\t<div class=\"acf-repeater -table\" data-min=\"0\" data-max=\"3\" data-pagination=\"0\" data-prefix=\"acf\">\n\t\t\t<input type=\"hidden\" name=\"acf[field_66f316fe39154]\" value=\"\" class=\"acf-repeater-hidden-input\"\/>\t\t\t<table class=\"acf-table\">\n\t\t\t\t\t\t<thead>\n\t\t\t<tr>\n\t\t\t\t\t\t\t\t\t<th class=\"acf-row-handle\"><\/th>\n\t\t\t\t\n\t\t\t\t\t\t\t\t\t<th class=\"acf-th\" data-name=\"bifogade_filer\" data-type=\"file\" data-key=\"field_66f316fe9e978\">\n\t\t\t\t\t\t<label>Bifogade filer <span class=\"acf-required\">*<\/span><\/label>\t\t\t\t\t\t\t\t\t\t\t<\/th>\n\t\t\t\t\n\t\t\t\t\t\t\t\t\t<th class=\"acf-row-handle\"><\/th>\n\t\t\t\t\t\t\t<\/tr>\n\t\t<\/thead>\n\t\t\t\t\t\t<tbody>\n\t\t\t\t\t<tr class=\"acf-row acf-clone\" data-id=\"acfcloneindex\">\t\t<td class=\"acf-row-handle order\" title=\"Drag to reorder\">\n\t\t\t\t\t\t<span class=\"acf-row-number\" title=\"Click to reorder\">1<\/span>\t\t<\/td>\n\t\t<td class=\"acf-field acf-field-file acf-field-66f316fe9e978 is-required\" data-name=\"bifogade_filer\" data-type=\"file\" data-key=\"field_66f316fe9e978\" data-required=\"1\">\n<div class=\"acf-input\">\n<div class=\"acf-file-uploader\" data-library=\"uploadedTo\" data-mime_types=\"jpeg,jpg,pdf,doc,docx\" data-uploader=\"basic\">\n\t\t\t<input type=\"hidden\" name=\"acf[field_66f316fe39154][acfcloneindex][field_66f316fe9e978]\" value=\"\" data-name=\"id\"\/>\t<div class=\"show-if-value file-wrap\" tabindex=\"0\" role=\"button\" aria-label=\"Selected file. Press tab to access file options.\">\n\t\t<div class=\"file-icon\">\n\t\t\t<img decoding=\"async\" data-name=\"icon\" src=\"\" alt=\"\"\/>\n\t\t<\/div>\n\t\t<div class=\"file-info\">\n\t\t\t<p>\n\t\t\t\t<strong data-name=\"title\"><\/strong>\n\t\t\t<\/p>\n\t\t\t<p>\n\t\t\t\t<strong>File name:<\/strong>\n\t\t\t\t<a data-name=\"filename\" href=\"\" target=\"_blank\"><\/a>\n\t\t\t<\/p>\n\t\t\t<p>\n\t\t\t\t<strong>File size:<\/strong>\n\t\t\t\t<span data-name=\"filesize\"><\/span>\n\t\t\t<\/p>\n\t\t<\/div>\n\t\t<div class=\"acf-actions -hover\">\n\t\t\t\t\t\t<a class=\"acf-icon -cancel dark\" data-name=\"remove\" href=\"#\" title=\"Remove\" aria-label=\"Remove file\"><\/a>\n\t\t<\/div>\n\t<\/div>\n\t<div class=\"hide-if-value\">\n\t\t\t\t\t\t\n\t\t\t\t\t\t\t\n\t\t\t<label class=\"acf-basic-uploader\">\n\t\t\t\t<input type=\"file\" name=\"acf[field_66f316fe39154][acfcloneindex][field_66f316fe9e978]\" id=\"acf-field_66f316fe39154-acfcloneindex-field_66f316fe9e978\" key=\"field_66f316fe9e978\" accept=\"jpeg,jpg,pdf,doc,docx\" \/><input type=\"hidden\" name=\"acf[field_66f316fe9e978_file_nonce]\" value=\"4d330168e8\" \/>\t\t\t<\/label>\n\t\t\t\n\t\t\t\t\n\t<\/div>\n<\/div>\n\t\t\t<\/div>\n<\/td>\n\t\t<td class=\"acf-row-handle remove\">\n\t\t\t<a class=\"acf-icon -plus small acf-js-tooltip hide-on-shift\" href=\"#\" data-event=\"add-row\" title=\"Add row\"><\/a>\n\t\t\t<a class=\"acf-icon -duplicate small acf-js-tooltip show-on-shift\" href=\"#\" data-event=\"duplicate-row\" title=\"Duplicate row\"><\/a>\n\t\t\t<a class=\"acf-icon -minus small acf-js-tooltip\" href=\"#\" data-event=\"remove-row\" title=\"Remove row\"><\/a>\n\t\t<\/td>\n\t\t<\/tr>\t\t\t\t<\/tbody>\n\t\t\t<\/table>\n\t\t\t\t\t<div class=\"acf-actions\">\n\t\t\t<a class=\"acf-button acf-repeater-add-row button button-primary\" href=\"#\" data-event=\"add-row\">L\u00e4gg till fil<\/a>\n\t\t\t\t\t\t<div class=\"clear\"><\/div>\n\t\t<\/div>\n\t\t\t\t<\/div>\n\t\t<\/div><\/div><div class=\"af-submit acf-form-submit\"><button type=\"submit\" class=\"acf-button af-submit-button\">Submit<\/button><span class=\"acf-spinner af-spinner\"><\/span><\/div><\/div><\/form><\/div>\n\t\t\t\t\t\t<\/div>\n\t\t\t\t<\/div>\n\t\t\t\t\t<\/div>\n\t\t<\/div>\n\t\t\t\t\t<\/div>\n\t\t<\/section>\n\t\t\t\t<\/div>\n\t\t","protected":false},"excerpt":{"rendered":"","protected":false},"author":1,"featured_media":0,"parent":0,"menu_order":0,"comment_status":"closed","ping_status":"closed","template":"","meta":{"_acf_changed":false,"footnotes":""},"class_list":["post-16500","page","type-page","status-publish","hentry"],"acf":[],"_links":{"self":[{"href":"https:\/\/be-ge.se\/en\/wp-json\/wp\/v2\/pages\/16500","targetHints":{"allow":["GET"]}}],"collection":[{"href":"https:\/\/be-ge.se\/en\/wp-json\/wp\/v2\/pages"}],"about":[{"href":"https:\/\/be-ge.se\/en\/wp-json\/wp\/v2\/types\/page"}],"author":[{"embeddable":true,"href":"https:\/\/be-ge.se\/en\/wp-json\/wp\/v2\/users\/1"}],"replies":[{"embeddable":true,"href":"https:\/\/be-ge.se\/en\/wp-json\/wp\/v2\/comments?post=16500"}],"version-history":[{"count":0,"href":"https:\/\/be-ge.se\/en\/wp-json\/wp\/v2\/pages\/16500\/revisions"}],"wp:attachment":[{"href":"https:\/\/be-ge.se\/en\/wp-json\/wp\/v2\/media?parent=16500"}],"curies":[{"name":"wp","href":"https:\/\/api.w.org\/{rel}","templated":true}]}}