{"id":15907,"date":"2024-07-01T16:14:45","date_gmt":"2024-07-01T14:14:45","guid":{"rendered":"https:\/\/be-ge.se\/?page_id=15907"},"modified":"2025-02-27T14:17:20","modified_gmt":"2025-02-27T13:17:20","slug":"kontakta-viktor-persson","status":"publish","type":"page","link":"https:\/\/be-ge.se\/en\/kontakta-viktor-persson\/","title":{"rendered":"Kontakta Viktor Persson"},"content":{"rendered":"\t\t<div data-elementor-type=\"wp-page\" data-elementor-id=\"15907\" class=\"elementor elementor-15907\" data-elementor-post-type=\"page\">\n\t\t\t\t\t\t<section class=\"elementor-section elementor-top-section elementor-element elementor-element-3e01e62 elementor-section-boxed elementor-section-height-default elementor-section-height-default\" data-id=\"3e01e62\" data-element_type=\"section\" data-e-type=\"section\">\n\t\t\t\t\t\t<div class=\"elementor-container elementor-column-gap-default\">\n\t\t\t\t\t<div class=\"elementor-column elementor-col-100 elementor-top-column elementor-element elementor-element-a4c49bb\" data-id=\"a4c49bb\" data-element_type=\"column\" data-e-type=\"column\">\n\t\t\t<div class=\"elementor-widget-wrap elementor-element-populated\">\n\t\t\t\t\t\t<div class=\"elementor-element elementor-element-96bde08 elementor-widget elementor-widget-text-editor\" data-id=\"96bde08\" data-element_type=\"widget\" data-e-type=\"widget\" data-widget_type=\"text-editor.default\">\n\t\t\t\t<div class=\"elementor-widget-container\">\n\t\t\t\t\t\t\t\t\t<span style=\"color: #000000;\">V\u00e4nligen notera att om den person du kontaktar har ett aktivt autosvar kan svarstiden vara l\u00e4ngre \u00e4n vanligt. Vi g\u00f6r v\u00e5rt b\u00e4sta f\u00f6r att \u00e5terkomma till dig s\u00e5 snart som m\u00f6jligt och tackar f\u00f6r din f\u00f6rst\u00e5else. Om ditt \u00e4rende \u00e4r br\u00e5dskande eller du \u00f6nskar en snabbare \u00e5terkoppling, <span style=\"text-decoration: underline;\"><a href=\"https:\/\/be-ge.se\/be-ge-personbilar-kontakta-oss\/\">v\u00e4nligen anv\u00e4nd v\u00e5rt allm\u00e4nna kontaktformul\u00e4r f\u00f6r att n\u00e5 v\u00e5rt team.<\/a><\/span><\/span>\t\t\t\t\t\t\t\t<\/div>\n\t\t\t\t<\/div>\n\t\t\t\t<div class=\"elementor-element elementor-element-ab3c26d elementor-widget elementor-widget-shortcode\" data-id=\"ab3c26d\" data-element_type=\"widget\" data-e-type=\"widget\" data-widget_type=\"shortcode.default\">\n\t\t\t\t<div class=\"elementor-widget-container\">\n\t\t\t\t\t\t\t<div class=\"elementor-shortcode\"><form class=\"af-form acf-form\" method=\"POST\" action=\"https:\/\/be-ge.se\/en\/wp-json\/wp\/v2\/pages\/15907\" id=\"form_6683aa044fcd7\" data-key=\"form_6683aa044fcd7\" data-recaptcha-site-key=\"6LeBJ4QeAAAAAJGS3mT8iZOddbWzfkShfj4pDyek\"><div class=\"af-fields acf-fields acf-form-fields -top\">\t<div id=\"acf-form-data\" class=\"acf-hidden\">\n\t\t<input type=\"hidden\" id=\"_acf_screen\" name=\"_acf_screen\" value=\"acf_form\"\/><input type=\"hidden\" id=\"_acf_post_id\" name=\"_acf_post_id\" value=\"0\"\/><input type=\"hidden\" id=\"_acf_validation\" name=\"_acf_validation\" value=\"1\"\/><input type=\"hidden\" id=\"_acf_form\" name=\"_acf_form\" value=\"0\"\/><input type=\"hidden\" id=\"_acf_nonce\" name=\"_acf_nonce\" value=\"7a9b15e5df\"\/><input type=\"hidden\" id=\"_acf_changed\" name=\"_acf_changed\" value=\"0\"\/>\t<\/div>\n\t<div class=\"acf-hidden\"><input type=\"hidden\" name=\"_acfnonce\" value=\"29570d2c05\"><input type=\"hidden\" name=\"nonce\" value=\"29570d2c05\"><input type=\"hidden\" name=\"af_form\" value=\"form_6683aa044fcd7\"><input type=\"hidden\" name=\"af_form_args\" value=\"eyJhamF4IjpmYWxzZSwiZGlzcGxheV90aXRsZSI6ZmFsc2UsImRpc3BsYXlfZGVzY3JpcHRpb24iOmZhbHNlLCJpZCI6ImZvcm1fNjY4M2FhMDQ0ZmNkNyIsInZhbHVlcyI6W10sInN1Ym1pdF90ZXh0IjoiU3VibWl0IiwicmVkaXJlY3QiOm51bGwsInRhcmdldCI6Imh0dHBzOlwvXC9iZS1nZS5zZVwvZW5cL3dwLWpzb25cL3dwXC92MlwvcGFnZXNcLzE1OTA3IiwiZWNobyI6dHJ1ZSwiZXhjbHVkZV9maWVsZHMiOltdLCJ1cGxvYWRlciI6IndwIiwiZmlsdGVyX21vZGUiOmZhbHNlLCJsYWJlbF9wbGFjZW1lbnQiOiJ0b3AiLCJpbnN0cnVjdGlvbl9wbGFjZW1lbnQiOiJsYWJlbCIsImhvbmV5cG90Ijp0cnVlfQ==\"><input type=\"hidden\" name=\"_acf_form\" value=\"eyJhamF4IjpmYWxzZSwiZGlzcGxheV90aXRsZSI6ZmFsc2UsImRpc3BsYXlfZGVzY3JpcHRpb24iOmZhbHNlLCJpZCI6ImZvcm1fNjY4M2FhMDQ0ZmNkNyIsInZhbHVlcyI6W10sInN1Ym1pdF90ZXh0IjoiU3VibWl0IiwicmVkaXJlY3QiOm51bGwsInRhcmdldCI6Imh0dHBzOlwvXC9iZS1nZS5zZVwvZW5cL3dwLWpzb25cL3dwXC92MlwvcGFnZXNcLzE1OTA3IiwiZWNobyI6dHJ1ZSwiZXhjbHVkZV9maWVsZHMiOltdLCJ1cGxvYWRlciI6IndwIiwiZmlsdGVyX21vZGUiOmZhbHNlLCJsYWJlbF9wbGFjZW1lbnQiOiJ0b3AiLCJpbnN0cnVjdGlvbl9wbGFjZW1lbnQiOiJsYWJlbCIsImhvbmV5cG90Ijp0cnVlfQ==\"><input type=\"hidden\" name=\"af_form_nonce\" value=\"78aa5949d1\"><label for=\"af_email_for_non_humans_form_6683aa044fcd7\" aria-hidden=\"true\">Email for non-humans<\/label><input type=\"text\" name=\"email_for_non_humans\" id=\"af_email_for_non_humans_form_6683aa044fcd7\" tabindex=\"-1\" autocomplete=\"off\" \/><input type=\"hidden\" name=\"af_origin_url\" value=\"https:\/\/be-ge.se\/en\/wp-json\/wp\/v2\/pages\/15907\" \/><\/div><div class=\"af-field af-field-type-text af-field-namn acf-field acf-field-text acf-field-60a65486736dc af-field-required\" data-name=\"namn\" data-key=\"field_60a65486736dc\" data-type=\"text\"><div class=\"af-label acf-label\"><label for=\"acf-field_60a65486736dc\">Ditt namn <span class=\"acf-required\">*<\/span><\/label><\/div><div class=\"af-input acf-input\"><div class=\"acf-input-wrap\"><input type=\"text\" id=\"acf-field_60a65486736dc\" name=\"acf[field_60a65486736dc]\" required=\"required\"\/><\/div><\/div><\/div><div class=\"af-field af-field-type-text af-field-telefonnummer acf-field acf-field-text acf-field-60a654a7736dd af-field-required\" data-name=\"telefonnummer\" data-key=\"field_60a654a7736dd\" data-type=\"text\"><div class=\"af-label acf-label\"><label for=\"acf-field_60a654a7736dd\">Telefonnummer <span class=\"acf-required\">*<\/span><\/label><\/div><div class=\"af-input acf-input\"><div class=\"acf-input-wrap\"><input type=\"text\" id=\"acf-field_60a654a7736dd\" name=\"acf[field_60a654a7736dd]\" required=\"required\"\/><\/div><\/div><\/div><div class=\"af-field af-field-type-text af-field-e-post acf-field acf-field-text acf-field-60a654db736de af-field-required\" data-name=\"e-post\" data-key=\"field_60a654db736de\" data-type=\"text\"><div class=\"af-label acf-label\"><label for=\"acf-field_60a654db736de\">E-post <span class=\"acf-required\">*<\/span><\/label><\/div><div class=\"af-input acf-input\"><div class=\"acf-input-wrap\"><input type=\"text\" id=\"acf-field_60a654db736de\" name=\"acf[field_60a654db736de]\" required=\"required\"\/><\/div><\/div><\/div><div class=\"af-field af-field-type-text af-field-amne acf-field acf-field-text acf-field-60a654e8736df af-field-required\" data-name=\"amne\" data-key=\"field_60a654e8736df\" data-type=\"text\"><div class=\"af-label acf-label\"><label for=\"acf-field_60a654e8736df\">\u00c4mne <span class=\"acf-required\">*<\/span><\/label><\/div><div class=\"af-input acf-input\"><div class=\"acf-input-wrap\"><input type=\"text\" id=\"acf-field_60a654e8736df\" name=\"acf[field_60a654e8736df]\" required=\"required\"\/><\/div><\/div><\/div><div class=\"af-field af-field-type-textarea af-field-meddelande acf-field acf-field-textarea acf-field-60a654fe736e0 af-field-required\" data-name=\"meddelande\" data-key=\"field_60a654fe736e0\" data-type=\"textarea\"><div class=\"af-label acf-label\"><label for=\"acf-field_60a654fe736e0\">Meddelande <span class=\"acf-required\">*<\/span><\/label><\/div><div class=\"af-input acf-input\"><textarea id=\"acf-field_60a654fe736e0\" name=\"acf[field_60a654fe736e0]\" rows=\"6\" required=\"required\"><\/textarea><\/div><\/div><div class=\"af-submit acf-form-submit\"><button type=\"submit\" class=\"acf-button af-submit-button\">Submit<\/button><span class=\"acf-spinner af-spinner\"><\/span><\/div><\/div><\/form>\n<\/div>\n\t\t\t\t\t\t<\/div>\n\t\t\t\t<\/div>\n\t\t\t\t\t<\/div>\n\t\t<\/div>\n\t\t\t\t\t<\/div>\n\t\t<\/section>\n\t\t\t\t<\/div>\n\t\t","protected":false},"excerpt":{"rendered":"<p>V\u00e4nligen notera att om den person du kontaktar har ett aktivt autosvar kan svarstiden vara l\u00e4ngre \u00e4n vanligt. Vi g\u00f6r v\u00e5rt b\u00e4sta f\u00f6r att \u00e5terkomma till dig s\u00e5 snart som m\u00f6jligt och tackar f\u00f6r din f\u00f6rst\u00e5else. Om ditt \u00e4rende \u00e4r br\u00e5dskande eller du \u00f6nskar en snabbare \u00e5terkoppling, v\u00e4nligen anv\u00e4nd v\u00e5rt allm\u00e4nna kontaktformul\u00e4r f\u00f6r att n\u00e5 [&hellip;]<\/p>\n","protected":false},"author":7,"featured_media":0,"parent":0,"menu_order":0,"comment_status":"closed","ping_status":"closed","template":"","meta":{"_acf_changed":false,"footnotes":""},"class_list":["post-15907","page","type-page","status-publish","hentry"],"acf":[],"_links":{"self":[{"href":"https:\/\/be-ge.se\/en\/wp-json\/wp\/v2\/pages\/15907","targetHints":{"allow":["GET"]}}],"collection":[{"href":"https:\/\/be-ge.se\/en\/wp-json\/wp\/v2\/pages"}],"about":[{"href":"https:\/\/be-ge.se\/en\/wp-json\/wp\/v2\/types\/page"}],"author":[{"embeddable":true,"href":"https:\/\/be-ge.se\/en\/wp-json\/wp\/v2\/users\/7"}],"replies":[{"embeddable":true,"href":"https:\/\/be-ge.se\/en\/wp-json\/wp\/v2\/comments?post=15907"}],"version-history":[{"count":0,"href":"https:\/\/be-ge.se\/en\/wp-json\/wp\/v2\/pages\/15907\/revisions"}],"wp:attachment":[{"href":"https:\/\/be-ge.se\/en\/wp-json\/wp\/v2\/media?parent=15907"}],"curies":[{"name":"wp","href":"https:\/\/api.w.org\/{rel}","templated":true}]}}