{"id":14609,"date":"2023-10-13T10:35:53","date_gmt":"2023-10-13T08:35:53","guid":{"rendered":"https:\/\/be-ge.se\/?page_id=14609"},"modified":"2025-07-11T13:52:21","modified_gmt":"2025-07-11T11:52:21","slug":"kontakta-peter-ek","status":"publish","type":"page","link":"https:\/\/be-ge.se\/en\/kontakta-peter-ek\/","title":{"rendered":"Kontakta Peter Ek"},"content":{"rendered":"\t\t<div data-elementor-type=\"wp-page\" data-elementor-id=\"14609\" class=\"elementor elementor-14609\" data-elementor-post-type=\"page\">\n\t\t\t\t\t\t<section class=\"elementor-section elementor-top-section elementor-element elementor-element-3d2c483e elementor-section-content-middle elementor-section-boxed elementor-section-height-default elementor-section-height-default\" data-id=\"3d2c483e\" data-element_type=\"section\" data-e-type=\"section\">\n\t\t\t\t\t\t<div class=\"elementor-container elementor-column-gap-default\">\n\t\t\t\t\t<div class=\"elementor-column elementor-col-100 elementor-top-column elementor-element elementor-element-85140cc\" data-id=\"85140cc\" data-element_type=\"column\" data-e-type=\"column\">\n\t\t\t<div class=\"elementor-widget-wrap elementor-element-populated\">\n\t\t\t\t\t\t<div class=\"elementor-element elementor-element-1671800b elementor-widget elementor-widget-heading\" data-id=\"1671800b\" data-element_type=\"widget\" data-e-type=\"widget\" data-widget_type=\"heading.default\">\n\t\t\t\t<div class=\"elementor-widget-container\">\n\t\t\t\t\t<h1 class=\"elementor-heading-title elementor-size-large\">Kontakta Peter Ek<\/h1>\t\t\t\t<\/div>\n\t\t\t\t<\/div>\n\t\t\t\t\t<\/div>\n\t\t<\/div>\n\t\t\t\t\t<\/div>\n\t\t<\/section>\n\t\t\t\t<section class=\"elementor-section elementor-top-section elementor-element elementor-element-e343985 elementor-section-boxed elementor-section-height-default elementor-section-height-default\" data-id=\"e343985\" data-element_type=\"section\" data-e-type=\"section\">\n\t\t\t\t\t\t<div class=\"elementor-container elementor-column-gap-default\">\n\t\t\t\t\t<div class=\"elementor-column elementor-col-100 elementor-top-column elementor-element elementor-element-b5e41d9\" data-id=\"b5e41d9\" data-element_type=\"column\" data-e-type=\"column\">\n\t\t\t<div class=\"elementor-widget-wrap elementor-element-populated\">\n\t\t\t\t\t\t<div class=\"elementor-element elementor-element-126c0c8 elementor-widget elementor-widget-text-editor\" data-id=\"126c0c8\" data-element_type=\"widget\" data-e-type=\"widget\" data-widget_type=\"text-editor.default\">\n\t\t\t\t<div class=\"elementor-widget-container\">\n\t\t\t\t\t\t\t\t\t<p><em>V\u00e4nligen notera: Om den person du f\u00f6rs\u00f6ker kontakta har ett aktivt autosvar kan svarstiden bli l\u00e4ngre \u00e4n normalt. Inneh\u00e5llet i autosvaret kan tyv\u00e4rr inte vidarebefordras via denna tj\u00e4nst, men ditt meddelande levereras som vanligt. Vi str\u00e4var efter att \u00e5terkomma till dig s\u00e5 snart som m\u00f6jligt och tackar f\u00f6r din f\u00f6rst\u00e5else.<\/em><\/p>\t\t\t\t\t\t\t\t<\/div>\n\t\t\t\t<\/div>\n\t\t\t\t\t<\/div>\n\t\t<\/div>\n\t\t\t\t\t<\/div>\n\t\t<\/section>\n\t\t\t\t<section class=\"elementor-section elementor-top-section elementor-element elementor-element-5c7e2ef2 elementor-section-boxed elementor-section-height-default elementor-section-height-default\" data-id=\"5c7e2ef2\" data-element_type=\"section\" data-e-type=\"section\">\n\t\t\t\t\t\t<div class=\"elementor-container elementor-column-gap-default\">\n\t\t\t\t\t<div class=\"elementor-column elementor-col-100 elementor-top-column elementor-element elementor-element-55d1fc23\" data-id=\"55d1fc23\" data-element_type=\"column\" data-e-type=\"column\">\n\t\t\t<div class=\"elementor-widget-wrap elementor-element-populated\">\n\t\t\t\t\t\t<div class=\"elementor-element elementor-element-e59a0af elementor-widget elementor-widget-shortcode\" data-id=\"e59a0af\" data-element_type=\"widget\" data-e-type=\"widget\" data-widget_type=\"shortcode.default\">\n\t\t\t\t<div class=\"elementor-widget-container\">\n\t\t\t\t\t\t\t<div class=\"elementor-shortcode\"><form class=\"af-form acf-form\" method=\"POST\" action=\"https:\/\/be-ge.se\/en\/wp-json\/wp\/v2\/pages\/14609\" id=\"form_65283ec240289\" data-key=\"form_65283ec240289\" data-recaptcha-site-key=\"6LeBJ4QeAAAAAJGS3mT8iZOddbWzfkShfj4pDyek\"><div class=\"af-fields acf-fields acf-form-fields -top\">\t<div id=\"acf-form-data\" class=\"acf-hidden\">\n\t\t<input type=\"hidden\" id=\"_acf_screen\" name=\"_acf_screen\" value=\"acf_form\"\/><input type=\"hidden\" id=\"_acf_post_id\" name=\"_acf_post_id\" value=\"0\"\/><input type=\"hidden\" id=\"_acf_validation\" name=\"_acf_validation\" value=\"1\"\/><input type=\"hidden\" id=\"_acf_form\" name=\"_acf_form\" value=\"0\"\/><input type=\"hidden\" id=\"_acf_nonce\" name=\"_acf_nonce\" value=\"0afc8a098c\"\/><input type=\"hidden\" id=\"_acf_changed\" name=\"_acf_changed\" value=\"0\"\/>\t<\/div>\n\t<div class=\"acf-hidden\"><input type=\"hidden\" name=\"_acfnonce\" value=\"631db919ec\"><input type=\"hidden\" name=\"nonce\" value=\"631db919ec\"><input type=\"hidden\" name=\"af_form\" value=\"form_65283ec240289\"><input type=\"hidden\" name=\"af_form_args\" value=\"eyJhamF4IjpmYWxzZSwiZGlzcGxheV90aXRsZSI6ZmFsc2UsImRpc3BsYXlfZGVzY3JpcHRpb24iOmZhbHNlLCJpZCI6ImZvcm1fNjUyODNlYzI0MDI4OSIsInZhbHVlcyI6W10sInN1Ym1pdF90ZXh0IjoiU3VibWl0IiwicmVkaXJlY3QiOm51bGwsInRhcmdldCI6Imh0dHBzOlwvXC9iZS1nZS5zZVwvZW5cL3dwLWpzb25cL3dwXC92MlwvcGFnZXNcLzE0NjA5IiwiZWNobyI6dHJ1ZSwiZXhjbHVkZV9maWVsZHMiOltdLCJ1cGxvYWRlciI6IndwIiwiZmlsdGVyX21vZGUiOmZhbHNlLCJsYWJlbF9wbGFjZW1lbnQiOiJ0b3AiLCJpbnN0cnVjdGlvbl9wbGFjZW1lbnQiOiJsYWJlbCIsImhvbmV5cG90Ijp0cnVlfQ==\"><input type=\"hidden\" name=\"_acf_form\" value=\"eyJhamF4IjpmYWxzZSwiZGlzcGxheV90aXRsZSI6ZmFsc2UsImRpc3BsYXlfZGVzY3JpcHRpb24iOmZhbHNlLCJpZCI6ImZvcm1fNjUyODNlYzI0MDI4OSIsInZhbHVlcyI6W10sInN1Ym1pdF90ZXh0IjoiU3VibWl0IiwicmVkaXJlY3QiOm51bGwsInRhcmdldCI6Imh0dHBzOlwvXC9iZS1nZS5zZVwvZW5cL3dwLWpzb25cL3dwXC92MlwvcGFnZXNcLzE0NjA5IiwiZWNobyI6dHJ1ZSwiZXhjbHVkZV9maWVsZHMiOltdLCJ1cGxvYWRlciI6IndwIiwiZmlsdGVyX21vZGUiOmZhbHNlLCJsYWJlbF9wbGFjZW1lbnQiOiJ0b3AiLCJpbnN0cnVjdGlvbl9wbGFjZW1lbnQiOiJsYWJlbCIsImhvbmV5cG90Ijp0cnVlfQ==\"><input type=\"hidden\" name=\"af_form_nonce\" value=\"b08a2fd3b5\"><label for=\"af_email_for_non_humans_form_65283ec240289\" aria-hidden=\"true\">Email for non-humans<\/label><input type=\"text\" name=\"email_for_non_humans\" id=\"af_email_for_non_humans_form_65283ec240289\" tabindex=\"-1\" autocomplete=\"off\" \/><input type=\"hidden\" name=\"af_origin_url\" value=\"https:\/\/be-ge.se\/en\/wp-json\/wp\/v2\/pages\/14609\" \/><\/div><div class=\"af-field af-field-type-text af-field-namn acf-field acf-field-text acf-field-65283db57bf11 af-field-required\" data-name=\"namn\" data-key=\"field_65283db57bf11\" data-type=\"text\"><div class=\"af-label acf-label\"><label for=\"acf-field_65283db57bf11\">Ditt namn <span class=\"acf-required\">*<\/span><\/label><\/div><div class=\"af-input acf-input\"><div class=\"acf-input-wrap\"><input type=\"text\" id=\"acf-field_65283db57bf11\" name=\"acf[field_65283db57bf11]\" required=\"required\"\/><\/div><\/div><\/div><div class=\"af-field af-field-type-text af-field-telefonnummer acf-field acf-field-text acf-field-65283db57bf52 af-field-required\" data-name=\"telefonnummer\" data-key=\"field_65283db57bf52\" data-type=\"text\"><div class=\"af-label acf-label\"><label for=\"acf-field_65283db57bf52\">Telefonnummer <span class=\"acf-required\">*<\/span><\/label><\/div><div class=\"af-input acf-input\"><div class=\"acf-input-wrap\"><input type=\"text\" id=\"acf-field_65283db57bf52\" name=\"acf[field_65283db57bf52]\" required=\"required\"\/><\/div><\/div><\/div><div class=\"af-field af-field-type-email af-field-e-post acf-field acf-field-email acf-field-65283db57bf8e af-field-required\" data-name=\"e-post\" data-key=\"field_65283db57bf8e\" data-type=\"email\"><div class=\"af-label acf-label\"><label for=\"acf-field_65283db57bf8e\">E-post <span class=\"acf-required\">*<\/span><\/label><\/div><div class=\"af-input acf-input\"><div class=\"acf-input-wrap\"><input type=\"email\" id=\"acf-field_65283db57bf8e\" name=\"acf[field_65283db57bf8e]\" required=\"required\"\/><\/div><\/div><\/div><div class=\"af-field af-field-type-text af-field-amne acf-field acf-field-text acf-field-65283db57bfcc af-field-required\" data-name=\"amne\" data-key=\"field_65283db57bfcc\" data-type=\"text\"><div class=\"af-label acf-label\"><label for=\"acf-field_65283db57bfcc\">\u00c4mne <span class=\"acf-required\">*<\/span><\/label><\/div><div class=\"af-input acf-input\"><div class=\"acf-input-wrap\"><input type=\"text\" id=\"acf-field_65283db57bfcc\" name=\"acf[field_65283db57bfcc]\" required=\"required\"\/><\/div><\/div><\/div><div class=\"af-field af-field-type-textarea af-field-meddelande acf-field acf-field-textarea acf-field-65283db57c011 af-field-required\" data-name=\"meddelande\" data-key=\"field_65283db57c011\" data-type=\"textarea\"><div class=\"af-label acf-label\"><label for=\"acf-field_65283db57c011\">Meddelande <span class=\"acf-required\">*<\/span><\/label><\/div><div class=\"af-input acf-input\"><textarea id=\"acf-field_65283db57c011\" name=\"acf[field_65283db57c011]\" rows=\"6\" required=\"required\"><\/textarea><\/div><\/div><div class=\"af-field af-field-type-repeater af-field-file-upload acf-field acf-field-repeater acf-field-65283db57c04e\" data-name=\"file_upload\" data-key=\"field_65283db57c04e\" data-type=\"repeater\"><div class=\"af-label acf-label\"><label for=\"acf-field_65283db57c04e\">Filuppladdning<\/label><p class=\"af-field-instructions -placement-label\">H\u00e4r kan du ladda upp en fil per rad. Format som st\u00f6ds \u00e4r JPEG, PDF och Doc.<\/p><\/div><div class=\"af-input acf-input\">\t\t<div class=\"acf-repeater -table\" data-min=\"0\" data-max=\"3\" data-pagination=\"0\" data-prefix=\"acf\">\n\t\t\t<input type=\"hidden\" name=\"acf[field_65283db57c04e]\" value=\"\" class=\"acf-repeater-hidden-input\"\/>\t\t\t<table class=\"acf-table\">\n\t\t\t\t\t\t<thead>\n\t\t\t<tr>\n\t\t\t\t\t\t\t\t\t<th class=\"acf-row-handle\"><\/th>\n\t\t\t\t\n\t\t\t\t\t\t\t\t\t<th class=\"acf-th\" data-name=\"bifogade_filer\" data-type=\"file\" data-key=\"field_65283db5a68de\">\n\t\t\t\t\t\t<label>Bifogade filer<\/label>\t\t\t\t\t\t\t\t\t\t\t<\/th>\n\t\t\t\t\n\t\t\t\t\t\t\t\t\t<th class=\"acf-row-handle\"><\/th>\n\t\t\t\t\t\t\t<\/tr>\n\t\t<\/thead>\n\t\t\t\t\t\t<tbody>\n\t\t\t\t\t<tr class=\"acf-row acf-clone\" data-id=\"acfcloneindex\">\t\t<td class=\"acf-row-handle order\" title=\"Drag to reorder\">\n\t\t\t\t\t\t<span class=\"acf-row-number\" title=\"Click to reorder\">1<\/span>\t\t<\/td>\n\t\t<td class=\"acf-field acf-field-file acf-field-65283db5a68de\" data-name=\"bifogade_filer\" data-type=\"file\" data-key=\"field_65283db5a68de\">\n<div class=\"acf-input\">\n<div class=\"acf-file-uploader\" data-library=\"uploadedTo\" data-mime_types=\"jpeg,jpg,pdf,doc,docx\" data-uploader=\"basic\">\n\t\t\t<input type=\"hidden\" name=\"acf[field_65283db57c04e][acfcloneindex][field_65283db5a68de]\" value=\"\" data-name=\"id\"\/>\t<div class=\"show-if-value file-wrap\" tabindex=\"0\" role=\"button\" aria-label=\"Selected file. Press tab to access file options.\">\n\t\t<div class=\"file-icon\">\n\t\t\t<img decoding=\"async\" data-name=\"icon\" src=\"\" alt=\"\"\/>\n\t\t<\/div>\n\t\t<div class=\"file-info\">\n\t\t\t<p>\n\t\t\t\t<strong data-name=\"title\"><\/strong>\n\t\t\t<\/p>\n\t\t\t<p>\n\t\t\t\t<strong>File name:<\/strong>\n\t\t\t\t<a data-name=\"filename\" href=\"\" target=\"_blank\"><\/a>\n\t\t\t<\/p>\n\t\t\t<p>\n\t\t\t\t<strong>File size:<\/strong>\n\t\t\t\t<span data-name=\"filesize\"><\/span>\n\t\t\t<\/p>\n\t\t<\/div>\n\t\t<div class=\"acf-actions -hover\">\n\t\t\t\t\t\t<a class=\"acf-icon -cancel dark\" data-name=\"remove\" href=\"#\" title=\"Remove\" aria-label=\"Remove file\"><\/a>\n\t\t<\/div>\n\t<\/div>\n\t<div class=\"hide-if-value\">\n\t\t\t\t\t\t\n\t\t\t\t\t\t\t\n\t\t\t<label class=\"acf-basic-uploader\">\n\t\t\t\t<input type=\"file\" name=\"acf[field_65283db57c04e][acfcloneindex][field_65283db5a68de]\" id=\"acf-field_65283db57c04e-acfcloneindex-field_65283db5a68de\" key=\"field_65283db5a68de\" accept=\"jpeg,jpg,pdf,doc,docx\" \/><input type=\"hidden\" name=\"acf[field_65283db5a68de_file_nonce]\" value=\"701351fbb0\" \/>\t\t\t<\/label>\n\t\t\t\n\t\t\t\t\n\t<\/div>\n<\/div>\n\t\t\t<\/div>\n<\/td>\n\t\t<td class=\"acf-row-handle remove\">\n\t\t\t<a class=\"acf-icon -plus small acf-js-tooltip hide-on-shift\" href=\"#\" data-event=\"add-row\" title=\"Add row\"><\/a>\n\t\t\t<a class=\"acf-icon -duplicate small acf-js-tooltip show-on-shift\" href=\"#\" data-event=\"duplicate-row\" title=\"Duplicate row\"><\/a>\n\t\t\t<a class=\"acf-icon -minus small acf-js-tooltip\" href=\"#\" data-event=\"remove-row\" title=\"Remove row\"><\/a>\n\t\t<\/td>\n\t\t<\/tr>\t\t\t\t<\/tbody>\n\t\t\t<\/table>\n\t\t\t\t\t<div class=\"acf-actions\">\n\t\t\t<a class=\"acf-button acf-repeater-add-row button button-primary\" href=\"#\" data-event=\"add-row\">L\u00e4gg till fil<\/a>\n\t\t\t\t\t\t<div class=\"clear\"><\/div>\n\t\t<\/div>\n\t\t\t\t<\/div>\n\t\t<\/div><\/div><div class=\"af-field af-field-type-message af-field- acf-field acf-field-message acf-field-6528402639094\" data-name=\"\" data-key=\"field_6528402639094\" data-type=\"message\"><div class=\"af-label acf-label\"><label for=\"acf-field_6528402639094\">Notis<\/label><\/div><div class=\"af-input acf-input\">De uppgifter vi kan komma att behandla \u00e4r de uppgifter du sj\u00e4lv l\u00e4mnar till oss i samband med kontakten (kontaktuppgifter, registreringsnummer och eventuella kommentarer). F\u00f6r att vi ska kunna besvara din f\u00f6rfr\u00e5gan utg\u00e5r vi fr\u00e5n att v\u00e5rt intresse av att behandla dina personuppgifter v\u00e4ger tyngre \u00e4n ditt intresse av att inte omfattas av v\u00e5r behandling. Den r\u00e4ttsliga grunden f\u00f6r behandlingen \u00e4r d\u00e4rf\u00f6r intresseavv\u00e4gning. F\u00f6r detta \u00e4ndam\u00e5l kommer vi att spara dina uppgifter i 6 m\u00e5nader fr\u00e5n och med din f\u00f6rfr\u00e5gan.<\/div><\/div><div class=\"af-submit acf-form-submit\"><button type=\"submit\" class=\"acf-button af-submit-button\">Submit<\/button><span class=\"acf-spinner af-spinner\"><\/span><\/div><\/div><\/form><\/div>\n\t\t\t\t\t\t<\/div>\n\t\t\t\t<\/div>\n\t\t\t\t\t<\/div>\n\t\t<\/div>\n\t\t\t\t\t<\/div>\n\t\t<\/section>\n\t\t\t\t<\/div>\n\t\t","protected":false},"excerpt":{"rendered":"<p>Kontakta Peter Ek V\u00e4nligen notera: Om den person du f\u00f6rs\u00f6ker kontakta har ett aktivt autosvar kan svarstiden bli l\u00e4ngre \u00e4n normalt. Inneh\u00e5llet i autosvaret kan tyv\u00e4rr inte vidarebefordras via denna tj\u00e4nst, men ditt meddelande levereras som vanligt. Vi str\u00e4var efter att \u00e5terkomma till dig s\u00e5 snart som m\u00f6jligt och tackar f\u00f6r din f\u00f6rst\u00e5else.<\/p>","protected":false},"author":7,"featured_media":0,"parent":0,"menu_order":0,"comment_status":"closed","ping_status":"closed","template":"","meta":{"_acf_changed":false,"footnotes":""},"class_list":["post-14609","page","type-page","status-publish","hentry"],"acf":[],"_links":{"self":[{"href":"https:\/\/be-ge.se\/en\/wp-json\/wp\/v2\/pages\/14609","targetHints":{"allow":["GET"]}}],"collection":[{"href":"https:\/\/be-ge.se\/en\/wp-json\/wp\/v2\/pages"}],"about":[{"href":"https:\/\/be-ge.se\/en\/wp-json\/wp\/v2\/types\/page"}],"author":[{"embeddable":true,"href":"https:\/\/be-ge.se\/en\/wp-json\/wp\/v2\/users\/7"}],"replies":[{"embeddable":true,"href":"https:\/\/be-ge.se\/en\/wp-json\/wp\/v2\/comments?post=14609"}],"version-history":[{"count":0,"href":"https:\/\/be-ge.se\/en\/wp-json\/wp\/v2\/pages\/14609\/revisions"}],"wp:attachment":[{"href":"https:\/\/be-ge.se\/en\/wp-json\/wp\/v2\/media?parent=14609"}],"curies":[{"name":"wp","href":"https:\/\/api.w.org\/{rel}","templated":true}]}}